{"id":8602,"date":"2019-12-09T12:16:46","date_gmt":"2019-12-09T11:16:46","guid":{"rendered":"http:\/\/felixdevega.com\/musicians-photography\/"},"modified":"2024-10-05T17:19:21","modified_gmt":"2024-10-05T15:19:21","slug":"musicians-photography","status":"publish","type":"page","link":"https:\/\/www.felixdevega.com\/pl\/musicians-photography\/","title":{"rendered":"Fotografia muzyczna koncertowa"},"content":{"rendered":"\t\t<div data-elementor-type=\"wp-page\" data-elementor-id=\"8602\" class=\"elementor elementor-8602 elementor-8390\" data-elementor-post-type=\"page\">\n\t\t\t\t\t\t<section class=\"elementor-section elementor-top-section elementor-element elementor-element-49351812 elementor-section-boxed elementor-section-height-default elementor-section-height-default wpr-particle-no wpr-sticky-section-no wpr-equal-height-no\" data-id=\"49351812\" data-element_type=\"section\" data-e-type=\"section\">\n\t\t\t\t\t\t<div class=\"elementor-container elementor-column-gap-default\">\n\t\t\t\t\t<div class=\"elementor-column elementor-col-100 elementor-top-column elementor-element elementor-element-636b0fca\" data-id=\"636b0fca\" data-element_type=\"column\" data-e-type=\"column\">\n\t\t\t<div class=\"elementor-widget-wrap elementor-element-populated\">\n\t\t\t\t\t\t<div class=\"elementor-element elementor-element-4e4d1632 elementor-widget elementor-widget-text-editor\" data-id=\"4e4d1632\" data-element_type=\"widget\" data-e-type=\"widget\" data-widget_type=\"text-editor.default\">\n\t\t\t\t<div class=\"elementor-widget-container\">\n\t\t\t\t\t\t\t\t\t<h1 style=\"text-align: center;\"><strong><span style=\"font-family: arial, helvetica, sans-serif;\">Musicians Photographer<\/span><\/strong><\/h1><p>As an experienced photographer I am able to work with the musicians to create an entire brand that truly reflects your personality, providing you with styling, custom tailored shoots, branding and album artwork.<\/p><p>I am passionate about telling the story of your music with dynamic images, musician promo shoots, and concert photography.<\/p><p>I love creating a powerful image for an artist. Whether you are an up-and-coming artist preparing to release your first single, or a seasoned musician , I am so excited to work with you and capture that milestone moment in your career.<\/p><p>The excitement when an artist steps out onto a stage, whether it is in front of 50 people or 50,000 people, is one that cannot be recreated! I want to be there capturing that feeling, and that expression on your face as the crowd gives a standing ovation. As a experienced photo-journalistic photographer I am continually challenging myself to find a new angle and use available light to create incredibly dynamic images of each performance. I am experienced in photographing any type of event from private acoustic performances to big festival concerts.<\/p><p><img fetchpriority=\"high\" decoding=\"async\" class=\"aligncenter wp-image-8576 size-full\" style=\"margin-bottom: 5px;\" src=\"https:\/\/www.felixdevega.com\/wp-content\/uploads\/2019\/12\/trio-wandke-4.jpg\" alt=\"Musicians photographer warsaw fotografia muzyk\u00f3w\" width=\"2048\" height=\"1367\" srcset=\"https:\/\/www.felixdevega.com\/wp-content\/uploads\/2019\/12\/trio-wandke-4.jpg 2048w, https:\/\/www.felixdevega.com\/wp-content\/uploads\/2019\/12\/trio-wandke-4-300x200.jpg 300w, https:\/\/www.felixdevega.com\/wp-content\/uploads\/2019\/12\/trio-wandke-4-1000x667.jpg 1000w\" sizes=\"(max-width: 2048px) 100vw, 2048px\" \/><img decoding=\"async\" class=\"aligncenter wp-image-8579 size-full\" style=\"margin-bottom: 5px;\" src=\"https:\/\/www.felixdevega.com\/wp-content\/uploads\/2019\/12\/trio-wandke-40.jpg\" alt=\"Musicians photographer warsaw\" width=\"2048\" height=\"1367\" srcset=\"https:\/\/www.felixdevega.com\/wp-content\/uploads\/2019\/12\/trio-wandke-40.jpg 2048w, https:\/\/www.felixdevega.com\/wp-content\/uploads\/2019\/12\/trio-wandke-40-300x200.jpg 300w, https:\/\/www.felixdevega.com\/wp-content\/uploads\/2019\/12\/trio-wandke-40-1000x667.jpg 1000w\" sizes=\"(max-width: 2048px) 100vw, 2048px\" \/><img decoding=\"async\" class=\"aligncenter wp-image-8502 size-full\" style=\"margin-bottom: 5px;\" src=\"https:\/\/www.felixdevega.com\/wp-content\/uploads\/2019\/12\/img_7776-srgb.jpg\" alt=\"\" width=\"1600\" height=\"1067\" srcset=\"https:\/\/www.felixdevega.com\/wp-content\/uploads\/2019\/12\/img_7776-srgb.jpg 1600w, https:\/\/www.felixdevega.com\/wp-content\/uploads\/2019\/12\/img_7776-srgb-300x200.jpg 300w, https:\/\/www.felixdevega.com\/wp-content\/uploads\/2019\/12\/img_7776-srgb-1000x667.jpg 1000w\" sizes=\"(max-width: 1600px) 100vw, 1600px\" \/><img loading=\"lazy\" decoding=\"async\" class=\"aligncenter wp-image-8496 size-full\" style=\"margin-bottom: 5px;\" src=\"https:\/\/www.felixdevega.com\/wp-content\/uploads\/2019\/12\/img_7755-srgb.jpg\" alt=\"\" width=\"1600\" height=\"1067\" srcset=\"https:\/\/www.felixdevega.com\/wp-content\/uploads\/2019\/12\/img_7755-srgb.jpg 1600w, https:\/\/www.felixdevega.com\/wp-content\/uploads\/2019\/12\/img_7755-srgb-300x200.jpg 300w, https:\/\/www.felixdevega.com\/wp-content\/uploads\/2019\/12\/img_7755-srgb-1000x667.jpg 1000w\" sizes=\"(max-width: 1600px) 100vw, 1600px\" \/><img loading=\"lazy\" decoding=\"async\" class=\"aligncenter wp-image-8493 size-full\" style=\"margin-bottom: 5px;\" src=\"https:\/\/www.felixdevega.com\/wp-content\/uploads\/2019\/12\/img_7753-srgb.jpg\" alt=\"\" width=\"1600\" height=\"1067\" srcset=\"https:\/\/www.felixdevega.com\/wp-content\/uploads\/2019\/12\/img_7753-srgb.jpg 1600w, https:\/\/www.felixdevega.com\/wp-content\/uploads\/2019\/12\/img_7753-srgb-300x200.jpg 300w, https:\/\/www.felixdevega.com\/wp-content\/uploads\/2019\/12\/img_7753-srgb-1000x667.jpg 1000w\" sizes=\"(max-width: 1600px) 100vw, 1600px\" \/><img loading=\"lazy\" decoding=\"async\" class=\"aligncenter wp-image-8445 size-full\" style=\"margin-bottom: 5px;\" src=\"https:\/\/www.felixdevega.com\/wp-content\/uploads\/2019\/12\/fiestacubana-25-1.jpg\" alt=\"\" width=\"1600\" height=\"1067\" srcset=\"https:\/\/www.felixdevega.com\/wp-content\/uploads\/2019\/12\/fiestacubana-25-1.jpg 1600w, https:\/\/www.felixdevega.com\/wp-content\/uploads\/2019\/12\/fiestacubana-25-1-300x200.jpg 300w, https:\/\/www.felixdevega.com\/wp-content\/uploads\/2019\/12\/fiestacubana-25-1-1000x667.jpg 1000w\" sizes=\"(max-width: 1600px) 100vw, 1600px\" \/><img loading=\"lazy\" decoding=\"async\" class=\"aligncenter wp-image-8454 size-full\" style=\"margin-bottom: 5px;\" src=\"https:\/\/www.felixdevega.com\/wp-content\/uploads\/2019\/12\/fiestacubana-94-1.jpg\" alt=\"\" width=\"2800\" height=\"1867\" srcset=\"https:\/\/www.felixdevega.com\/wp-content\/uploads\/2019\/12\/fiestacubana-94-1.jpg 2800w, https:\/\/www.felixdevega.com\/wp-content\/uploads\/2019\/12\/fiestacubana-94-1-300x200.jpg 300w, https:\/\/www.felixdevega.com\/wp-content\/uploads\/2019\/12\/fiestacubana-94-1-1000x667.jpg 1000w\" sizes=\"(max-width: 2800px) 100vw, 2800px\" \/><img loading=\"lazy\" decoding=\"async\" class=\"aligncenter wp-image-8463 size-full\" style=\"margin-bottom: 5px;\" src=\"https:\/\/www.felixdevega.com\/wp-content\/uploads\/2019\/12\/img_0171-2800x.jpg\" alt=\"\" width=\"1600\" height=\"1067\" srcset=\"https:\/\/www.felixdevega.com\/wp-content\/uploads\/2019\/12\/img_0171-2800x.jpg 1600w, https:\/\/www.felixdevega.com\/wp-content\/uploads\/2019\/12\/img_0171-2800x-300x200.jpg 300w, https:\/\/www.felixdevega.com\/wp-content\/uploads\/2019\/12\/img_0171-2800x-1000x667.jpg 1000w\" sizes=\"(max-width: 1600px) 100vw, 1600px\" \/><img loading=\"lazy\" decoding=\"async\" class=\"aligncenter wp-image-8442 size-full\" style=\"margin-bottom: 5px;\" src=\"https:\/\/www.felixdevega.com\/wp-content\/uploads\/2019\/12\/fiestacubana-18-1.jpg\" alt=\"\" width=\"2800\" height=\"1867\" srcset=\"https:\/\/www.felixdevega.com\/wp-content\/uploads\/2019\/12\/fiestacubana-18-1.jpg 2800w, https:\/\/www.felixdevega.com\/wp-content\/uploads\/2019\/12\/fiestacubana-18-1-300x200.jpg 300w, https:\/\/www.felixdevega.com\/wp-content\/uploads\/2019\/12\/fiestacubana-18-1-1000x667.jpg 1000w\" sizes=\"(max-width: 2800px) 100vw, 2800px\" \/><img loading=\"lazy\" decoding=\"async\" class=\"aligncenter wp-image-8448 size-full\" style=\"margin-bottom: 5px;\" src=\"https:\/\/www.felixdevega.com\/wp-content\/uploads\/2019\/12\/fiestacubana-46-1.jpg\" alt=\"\" width=\"1600\" height=\"1067\" srcset=\"https:\/\/www.felixdevega.com\/wp-content\/uploads\/2019\/12\/fiestacubana-46-1.jpg 1600w, https:\/\/www.felixdevega.com\/wp-content\/uploads\/2019\/12\/fiestacubana-46-1-300x200.jpg 300w, https:\/\/www.felixdevega.com\/wp-content\/uploads\/2019\/12\/fiestacubana-46-1-1000x667.jpg 1000w\" sizes=\"(max-width: 1600px) 100vw, 1600px\" \/> <img loading=\"lazy\" decoding=\"async\" class=\"aligncenter wp-image-8451 size-full\" style=\"margin-bottom: 5px;\" src=\"https:\/\/www.felixdevega.com\/wp-content\/uploads\/2019\/12\/fiestacubana-62.jpg\" alt=\"\" width=\"1600\" height=\"1067\" srcset=\"https:\/\/www.felixdevega.com\/wp-content\/uploads\/2019\/12\/fiestacubana-62.jpg 1600w, https:\/\/www.felixdevega.com\/wp-content\/uploads\/2019\/12\/fiestacubana-62-300x200.jpg 300w, https:\/\/www.felixdevega.com\/wp-content\/uploads\/2019\/12\/fiestacubana-62-1000x667.jpg 1000w\" sizes=\"(max-width: 1600px) 100vw, 1600px\" \/> <img loading=\"lazy\" decoding=\"async\" class=\"aligncenter wp-image-8457 size-full\" style=\"margin-bottom: 5px;\" src=\"https:\/\/www.felixdevega.com\/wp-content\/uploads\/2019\/12\/fiestacubana-98-1.jpg\" alt=\"\" width=\"2800\" height=\"1867\" srcset=\"https:\/\/www.felixdevega.com\/wp-content\/uploads\/2019\/12\/fiestacubana-98-1.jpg 2800w, https:\/\/www.felixdevega.com\/wp-content\/uploads\/2019\/12\/fiestacubana-98-1-300x200.jpg 300w, https:\/\/www.felixdevega.com\/wp-content\/uploads\/2019\/12\/fiestacubana-98-1-1000x667.jpg 1000w\" sizes=\"(max-width: 2800px) 100vw, 2800px\" \/> <img loading=\"lazy\" decoding=\"async\" class=\"aligncenter wp-image-8460 size-full\" style=\"margin-bottom: 5px;\" src=\"https:\/\/www.felixdevega.com\/wp-content\/uploads\/2019\/12\/fiestacubana-105.jpg\" alt=\"\" width=\"1600\" height=\"1067\" srcset=\"https:\/\/www.felixdevega.com\/wp-content\/uploads\/2019\/12\/fiestacubana-105.jpg 1600w, https:\/\/www.felixdevega.com\/wp-content\/uploads\/2019\/12\/fiestacubana-105-300x200.jpg 300w, https:\/\/www.felixdevega.com\/wp-content\/uploads\/2019\/12\/fiestacubana-105-1000x667.jpg 1000w\" sizes=\"(max-width: 1600px) 100vw, 1600px\" \/> <img loading=\"lazy\" decoding=\"async\" class=\"aligncenter wp-image-8511 size-full\" style=\"margin-bottom: 5px;\" src=\"https:\/\/www.felixdevega.com\/wp-content\/uploads\/2019\/12\/img_8997-srgb.jpg\" alt=\"\" width=\"1600\" height=\"1067\" srcset=\"https:\/\/www.felixdevega.com\/wp-content\/uploads\/2019\/12\/img_8997-srgb.jpg 1600w, https:\/\/www.felixdevega.com\/wp-content\/uploads\/2019\/12\/img_8997-srgb-300x200.jpg 300w, https:\/\/www.felixdevega.com\/wp-content\/uploads\/2019\/12\/img_8997-srgb-1000x667.jpg 1000w\" sizes=\"(max-width: 1600px) 100vw, 1600px\" \/><img loading=\"lazy\" decoding=\"async\" class=\"aligncenter wp-image-8514 size-full\" style=\"margin-bottom: 5px;\" src=\"https:\/\/www.felixdevega.com\/wp-content\/uploads\/2019\/12\/img_9093-srgb.jpg\" alt=\"\" width=\"1600\" height=\"1067\" srcset=\"https:\/\/www.felixdevega.com\/wp-content\/uploads\/2019\/12\/img_9093-srgb.jpg 1600w, https:\/\/www.felixdevega.com\/wp-content\/uploads\/2019\/12\/img_9093-srgb-300x200.jpg 300w, https:\/\/www.felixdevega.com\/wp-content\/uploads\/2019\/12\/img_9093-srgb-1000x667.jpg 1000w\" sizes=\"(max-width: 1600px) 100vw, 1600px\" \/><img loading=\"lazy\" decoding=\"async\" class=\"aligncenter wp-image-8484 size-full\" style=\"margin-bottom: 5px;\" src=\"https:\/\/www.felixdevega.com\/wp-content\/uploads\/2019\/12\/img_2430-srgb.jpg\" alt=\"\" width=\"1600\" height=\"1067\" srcset=\"https:\/\/www.felixdevega.com\/wp-content\/uploads\/2019\/12\/img_2430-srgb.jpg 1600w, https:\/\/www.felixdevega.com\/wp-content\/uploads\/2019\/12\/img_2430-srgb-300x200.jpg 300w, https:\/\/www.felixdevega.com\/wp-content\/uploads\/2019\/12\/img_2430-srgb-1000x667.jpg 1000w\" sizes=\"(max-width: 1600px) 100vw, 1600px\" \/> <img loading=\"lazy\" decoding=\"async\" class=\"aligncenter wp-image-8472 size-full\" style=\"margin-bottom: 5px;\" src=\"https:\/\/www.felixdevega.com\/wp-content\/uploads\/2019\/12\/img_2322-srgb.jpg\" alt=\"\" width=\"1600\" height=\"1067\" srcset=\"https:\/\/www.felixdevega.com\/wp-content\/uploads\/2019\/12\/img_2322-srgb.jpg 1600w, https:\/\/www.felixdevega.com\/wp-content\/uploads\/2019\/12\/img_2322-srgb-300x200.jpg 300w, https:\/\/www.felixdevega.com\/wp-content\/uploads\/2019\/12\/img_2322-srgb-1000x667.jpg 1000w\" sizes=\"(max-width: 1600px) 100vw, 1600px\" \/><img loading=\"lazy\" decoding=\"async\" class=\"aligncenter wp-image-8508 size-full\" style=\"margin-bottom: 5px;\" src=\"https:\/\/www.felixdevega.com\/wp-content\/uploads\/2019\/12\/img_8829-srgb-1.jpg\" alt=\"\" width=\"2800\" height=\"1867\" srcset=\"https:\/\/www.felixdevega.com\/wp-content\/uploads\/2019\/12\/img_8829-srgb-1.jpg 2800w, https:\/\/www.felixdevega.com\/wp-content\/uploads\/2019\/12\/img_8829-srgb-1-300x200.jpg 300w, https:\/\/www.felixdevega.com\/wp-content\/uploads\/2019\/12\/img_8829-srgb-1-1000x667.jpg 1000w\" sizes=\"(max-width: 2800px) 100vw, 2800px\" \/> <img loading=\"lazy\" decoding=\"async\" class=\"aligncenter wp-image-8481 size-full\" style=\"margin-bottom: 5px;\" src=\"https:\/\/www.felixdevega.com\/wp-content\/uploads\/2019\/12\/img_2421-srgb.jpg\" alt=\"\" width=\"1600\" height=\"1067\" srcset=\"https:\/\/www.felixdevega.com\/wp-content\/uploads\/2019\/12\/img_2421-srgb.jpg 1600w, https:\/\/www.felixdevega.com\/wp-content\/uploads\/2019\/12\/img_2421-srgb-300x200.jpg 300w, https:\/\/www.felixdevega.com\/wp-content\/uploads\/2019\/12\/img_2421-srgb-1000x667.jpg 1000w\" sizes=\"(max-width: 1600px) 100vw, 1600px\" \/> <img loading=\"lazy\" decoding=\"async\" class=\"aligncenter wp-image-8487 size-full\" style=\"margin-bottom: 5px;\" src=\"https:\/\/www.felixdevega.com\/wp-content\/uploads\/2019\/12\/img_2447-srgb.jpg\" alt=\"\" width=\"1600\" height=\"1067\" srcset=\"https:\/\/www.felixdevega.com\/wp-content\/uploads\/2019\/12\/img_2447-srgb.jpg 1600w, https:\/\/www.felixdevega.com\/wp-content\/uploads\/2019\/12\/img_2447-srgb-300x200.jpg 300w, https:\/\/www.felixdevega.com\/wp-content\/uploads\/2019\/12\/img_2447-srgb-1000x667.jpg 1000w\" sizes=\"(max-width: 1600px) 100vw, 1600px\" \/> <\/p><p style=\"text-align: center;\">\u00a9 All images by Felix de Vega<\/p><p style=\"text-align: center;\"><strong>Would you like to book a photo session?<\/strong><\/p><p style=\"text-align: center;\">Please contact with me:<\/p><p style=\"text-align: center;\"><strong><a href=\"https:\/\/www.felixdevega.com\/blog\/contact\/\" target=\"_blank\" rel=\"noopener noreferrer\">info@felixdevega.com<\/a><\/strong><\/p><p style=\"text-align: center;\">tel. +48 511 579 346<\/p><p style=\"text-align: center;\">Let\u00b4s do something beautiful together!<\/p>\t\t\t\t\t\t\t\t<\/div>\n\t\t\t\t<\/div>\n\t\t\t\t\t<\/div>\n\t\t<\/div>\n\t\t\t\t\t<\/div>\n\t\t<\/section>\n\t\t\t\t<\/div>\n\t\t","protected":false},"excerpt":{"rendered":"<p>Fotografia muzyczna &nbsp; Jako do\u015bwiadczony fotograf jestem w stanie wsp\u00f3\u0142pracowa\u0107 z muzykami, aby stworzy\u0107 ca\u0142\u0105 mark\u0119, kt\u00f3ra naprawd\u0119 odzwierciedla Twoj\u0105 osobowo\u015b\u0107, zapewniaj\u0105c stylizacj\u0119, niestandardowe sesje zdj\u0119ciowe, branding i ok\u0142adki album\u00f3w. Z pasj\u0105 opowiadam histori\u0119 twojej muzyki za pomoc\u0105 dynamicznych zdj\u0119\u0107, zdj\u0119\u0107 promocyjnych muzyk\u00f3w i zdj\u0119\u0107 koncertowych. Uwielbiam tworzy\u0107 silny obraz dla artysty. Niezale\u017cnie od tego, czy jeste\u015b wschodz\u0105cym artyst\u0105 przygotowuj\u0105cym si\u0119 do wydania pierwszego singla, czy do\u015bwiadczonym muzykiem, jestem tak podekscytowany, \u017ce mog\u0119 z tob\u0105 wsp\u00f3\u0142pracowa\u0107 i uchwyci\u0107 ten kamie\u0144 milowy w swojej karierze. Emocje, gdy artysta wychodzi na scen\u0119, niezale\u017cnie od tego, czy jest przed 50, czy 50 000 os\u00f3b, nie mo\u017cna odtworzy\u0107! Chc\u0119 by\u0107 tam, aby uchwyci\u0107 to uczucie i ten wyraz twarzy, gdy t\u0142um daje owacj\u0119 na stoj\u0105co. Jako do\u015bwiadczony fotograf nieustannie stawiam sobie wyzwanie znalezienia nowego k\u0105ta i wykorzystania dost\u0119pnego \u015bwiat\u0142a do stworzenia niesamowicie dynamicznych zdj\u0119\u0107 ka\u017cdego spektaklu. Mam do\u015bwiadczenie w fotografowaniu wszelkiego rodzaju wydarze\u0144, od prywatnych wyst\u0119p\u00f3w akustycznych po du\u017ce koncerty festiwalowe. &nbsp; \u00a9 All images by Felix de Vega Would you like to book a photo session? Please contact with me: info@felixdevega.com tel. +48 511 579 346 Let\u00b4s do something beautiful together! &nbsp;<\/p>\n","protected":false},"author":1,"featured_media":8515,"parent":0,"menu_order":0,"comment_status":"closed","ping_status":"closed","template":"","meta":{"footnotes":""},"tags":[755,753],"class_list":["post-8602","page","type-page","status-publish","has-post-thumbnail","hentry","tag-nie-slub","tag-no-wedding"],"blocksy_meta":{"styles_descriptor":{"styles":{"desktop":"","tablet":"","mobile":""},"google_fonts":[],"version":6}},"_links":{"self":[{"href":"https:\/\/www.felixdevega.com\/pl\/wp-json\/wp\/v2\/pages\/8602","targetHints":{"allow":["GET"]}}],"collection":[{"href":"https:\/\/www.felixdevega.com\/pl\/wp-json\/wp\/v2\/pages"}],"about":[{"href":"https:\/\/www.felixdevega.com\/pl\/wp-json\/wp\/v2\/types\/page"}],"author":[{"embeddable":true,"href":"https:\/\/www.felixdevega.com\/pl\/wp-json\/wp\/v2\/users\/1"}],"replies":[{"embeddable":true,"href":"https:\/\/www.felixdevega.com\/pl\/wp-json\/wp\/v2\/comments?post=8602"}],"version-history":[{"count":1,"href":"https:\/\/www.felixdevega.com\/pl\/wp-json\/wp\/v2\/pages\/8602\/revisions"}],"predecessor-version":[{"id":23308,"href":"https:\/\/www.felixdevega.com\/pl\/wp-json\/wp\/v2\/pages\/8602\/revisions\/23308"}],"wp:featuredmedia":[{"embeddable":true,"href":"https:\/\/www.felixdevega.com\/pl\/wp-json\/wp\/v2\/media\/8515"}],"wp:attachment":[{"href":"https:\/\/www.felixdevega.com\/pl\/wp-json\/wp\/v2\/media?parent=8602"}],"wp:term":[{"taxonomy":"post_tag","embeddable":true,"href":"https:\/\/www.felixdevega.com\/pl\/wp-json\/wp\/v2\/tags?post=8602"}],"curies":[{"name":"wp","href":"https:\/\/api.w.org\/{rel}","templated":true}]}}