{"id":8378,"date":"2017-06-28T00:59:07","date_gmt":"2017-06-27T22:59:07","guid":{"rendered":"http:\/\/felixdevega.com\/karolina-maciek\/"},"modified":"2024-12-18T18:07:31","modified_gmt":"2024-12-18T17:07:31","slug":"karolina-maciek","status":"publish","type":"page","link":"https:\/\/www.felixdevega.com\/pl\/karolina-maciek\/","title":{"rendered":"Karolina &#038; Maciek &#8211; The Tannh\u00e4user Gate"},"content":{"rendered":"\n<h3 class=\"wp-block-heading has-text-align-center\"><b>Karolina &amp; Maciek \u2013 Wrota Tannhausera <\/b><\/h3>\n\n\n\n<p class=\"has-text-align-center\"><p><i>Widzia\u0142em rzeczy, kt\u00f3rym wy ludzie nie daliby\u015bcie wiary.<\/i><\/p><\/p>\n\n\n\n<p class=\"has-text-align-center\"><p><i>Statki w ogniu sun\u0105ce ku ramionom Oriona.<\/i><\/p><\/p>\n\n\n\n<p class=\"has-text-align-center\"><p><i>Ogl\u0105da\u0142em promienie kosmiczne b\u0142yszcz\u0105ce w ciemno\u015bciach blisko wr\u00f3t Tannhausera.<\/i><\/p><\/p>\n\n\n\n<p class=\"has-text-align-center\"><p><i>Wszystkie te chwile znikn\u0105 w czasie jak \u0142zy na deszczu<\/i><\/p><\/p>\n\n\n\n<p>Ta sesja jest nieco inna od tego co zazwyczaj mo\u017cecie ogl\u0105da\u0107 na moim blogu. Mo\u017cliwe, \u017ce kojarzycie ju\u017c Karolin\u0119 i Ma\u0107ka &#8211; wsp\u00f3\u0142pracowa\u0142em z nimi podczas ich \u015blubnej sesji. Jednak tym razem spotkali\u015bmy si\u0119 w nieco innym celu\u2026<\/p>\n\n\n\n<p>Niekt\u00f3rzy z was zapewne ju\u017c si\u0119 domy\u015blaj\u0105, jaki motyw przewodni ma ta sesja zdj\u0119ciowa. Inspiracj\u0105 by\u0142 jeden z ulubionych film\u00f3w Karoliny i Ma\u0107ka, ponadczasowe science fiction z 1982 roku z doskona\u0142ym Harrisonem Fordem w roli g\u0142\u00f3wnej. Mowa oczywi\u015bcie o klasyku, jakim jest Blade Runner! Nie ukrywam, \u017ce r\u00f3wnie\u017c jestem ogromnym fanem, ten film to dla mnie prawdziwe dzie\u0142o sztuki, jedna z najlepszych produkcji w bogatym dorobku Ridleya Scotta. Ka\u017cda klatka filmu jest doskona\u0142a, co t\u0142umaczy, dlaczego ten film jest dla mnie tak wielk\u0105 inspiracj\u0105 w codziennej pracy fotografa.<\/p>\n\n\n\n<p>Sesja zdj\u0119ciowa odby\u0142a si\u0119 w starej, opuszczonej fabryce. Wykorzystali\u015bmy sztuczne \u015bwiat\u0142o, filtry i dym, by jeszcze bardziej odda\u0107 t\u0105 niesamowit\u0105 atmosfer\u0119 znan\u0105 nam doskonale z filmu. Ta sesja by\u0142a dla mnie ogromnym wyzwaniem, zw\u0142aszcza z powodu \u015bwiat\u0142a &#8211; w filmie nigdy nie wida\u0107 s\u0142o\u0144ca ani naturalnego \u015bwiat\u0142a. Fotografowanie w takich warunkach by\u0142o prawdziw\u0105 pr\u00f3b\u0105 si\u0142. Karolina i Maciek dzielnie wsp\u00f3\u0142pracowali, cz\u0119sto podsuwali w\u0142asne, ciekawe pomys\u0142y. Na zdj\u0119ciach pojawiaj\u0105 si\u0119 symboliczne elementy, kt\u00f3re ukazane by\u0142y w filmie, jak chocia\u017cby zapa\u0142ki i charakterystyczne przybli\u017cenie oka. <\/p>\n\n\n\n<p>Ta sesja zdj\u0119ciowa by\u0142a dla mnie niesamowitym do\u015bwiadczeniem &#8211; ogromnym wyzwaniem, ale te\u017c rado\u015bci\u0105, \u017ce bior\u0119 udzia\u0142 w tak kreatywnym projekcie. Zastanawiali\u015bcie si\u0119 kiedy\u015b, co by si\u0119 sta\u0142o, gdyby trzech najwi\u0119kszych fan\u00f3w Blade Runnera znalaz\u0142o si\u0119 w opuszczonej piwnicy? Efekty tego spotkania mo\u017cecie zobaczy\u0107 poni\u017cej!<\/p>\n\n\n\n<figure><audio src=\"http:\/\/felixdevega.com\/wp-content\/uploads\/2017\/07\/perturbator-femme-fatale-feat--highway-superstar-the-uncanny-valley-2016.mp3\" autoplay=\"autoplay\" loop=\"loop\" controls=\"controls\"><\/audio><\/figure>\n\n\n\n<p class=\"has-text-align-center\"><p>Music: Perturbator &#8211; Femme fatale<\/p><\/p>\n\n\n\n<figure><img fetchpriority=\"high\" decoding=\"async\" style=\"margin-bottom: 5px;\" src=\"https:\/\/www.felixdevega.com\/wp-content\/uploads\/2017\/07\/11-fdv_1578.jpg\" alt=\"wedding photographer poland\" width=\"1200\" height=\"801\" \/><\/figure>\n\n\n\n<figure><img decoding=\"async\" style=\"margin-bottom: 5px;\" src=\"https:\/\/www.felixdevega.com\/wp-content\/uploads\/2017\/07\/00-fdv_1839.jpg\" alt=\"wedding photographer poland\" width=\"1200\" height=\"801\" \/><\/figure>\n\n\n\n<figure><img decoding=\"async\" style=\"margin-bottom: 5px;\" src=\"https:\/\/www.felixdevega.com\/wp-content\/uploads\/2017\/07\/01-fdv_1754.jpg\" alt=\"\" width=\"1200\" height=\"801\" \/><\/figure>\n\n\n\n<figure><img loading=\"lazy\" decoding=\"async\" style=\"margin-bottom: 5px;\" src=\"https:\/\/www.felixdevega.com\/wp-content\/uploads\/2017\/07\/02-fdv_1701.jpg\" alt=\"\" width=\"1200\" height=\"801\" \/><\/figure>\n\n\n\n<figure><img loading=\"lazy\" decoding=\"async\" style=\"margin-bottom: 5px;\" src=\"https:\/\/www.felixdevega.com\/wp-content\/uploads\/2017\/07\/03_fdv_1715.jpg\" alt=\"\" width=\"1200\" height=\"801\" \/><\/figure>\n\n\n\n<figure><img loading=\"lazy\" decoding=\"async\" style=\"margin-bottom: 5px;\" src=\"https:\/\/www.felixdevega.com\/wp-content\/uploads\/2017\/07\/04-fdv_1595.jpg\" alt=\"\" width=\"1200\" height=\"801\" \/><\/figure>\n\n\n\n<figure><img loading=\"lazy\" decoding=\"async\" style=\"margin-bottom: 5px;\" src=\"https:\/\/www.felixdevega.com\/wp-content\/uploads\/2017\/07\/05-fdv_1597.jpg\" alt=\"\" width=\"1200\" height=\"801\" \/><\/figure>\n\n\n\n<figure><img loading=\"lazy\" decoding=\"async\" style=\"margin-bottom: 5px;\" src=\"https:\/\/www.felixdevega.com\/wp-content\/uploads\/2017\/07\/fdv_1589-editar-4.jpg\" alt=\"\" width=\"1200\" height=\"801\" \/><\/figure>\n\n\n\n<figure><img loading=\"lazy\" decoding=\"async\" style=\"margin-bottom: 5px;\" src=\"https:\/\/www.felixdevega.com\/wp-content\/uploads\/2017\/07\/06-fdv_1603.jpg\" alt=\"\" width=\"1200\" height=\"801\" \/><\/figure>\n\n\n\n<figure><img loading=\"lazy\" decoding=\"async\" style=\"margin-bottom: 5px;\" src=\"https:\/\/www.felixdevega.com\/wp-content\/uploads\/2017\/07\/07-fdv_1627.jpg\" alt=\"\" width=\"1200\" height=\"801\" \/><\/figure>\n\n\n\n<figure><img loading=\"lazy\" decoding=\"async\" style=\"margin-bottom: 5px;\" src=\"https:\/\/www.felixdevega.com\/wp-content\/uploads\/2017\/07\/08-fdv_1620.jpg\" alt=\"\" width=\"1200\" height=\"801\" \/><\/figure>\n\n\n\n<figure><img loading=\"lazy\" decoding=\"async\" style=\"margin-bottom: 5px;\" src=\"https:\/\/www.felixdevega.com\/wp-content\/uploads\/2017\/07\/10-fdv_1548-editar.jpg\" alt=\"wedding photographer poland\" width=\"1200\" height=\"309\" \/><\/figure>\n\n\n\n<figure><img loading=\"lazy\" decoding=\"async\" style=\"margin-bottom: 5px;\" src=\"https:\/\/www.felixdevega.com\/wp-content\/uploads\/2017\/07\/fdv_1549.jpg\" alt=\"wedding photographer poland\" width=\"1200\" height=\"801\" \/><\/figure>\n\n\n\n<figure><img loading=\"lazy\" decoding=\"async\" style=\"margin-bottom: 5px;\" src=\"https:\/\/www.felixdevega.com\/wp-content\/uploads\/2017\/07\/12-fdv_1945.jpg\" alt=\"fotografia slubna warszawa\" width=\"1200\" height=\"801\" \/><\/figure>\n\n\n\n<figure><img loading=\"lazy\" decoding=\"async\" style=\"margin-bottom: 5px;\" src=\"http:\/\/felixdevega.com\/wp-content\/uploads\/2017\/07\/centrado2.gif\" alt=\"wedding photographer poland gif\" width=\"1200\" height=\"786\" \/><\/figure>\n\n\n\n<figure><img loading=\"lazy\" decoding=\"async\" style=\"margin-bottom: 5px;\" src=\"https:\/\/www.felixdevega.com\/wp-content\/uploads\/2017\/07\/15-fdv_1579.jpg\" alt=\"wedding photographer poland\" width=\"1200\" height=\"801\" \/><\/figure>\n\n\n\n<figure><img loading=\"lazy\" decoding=\"async\" style=\"margin-bottom: 5px;\" src=\"https:\/\/www.felixdevega.com\/wp-content\/uploads\/2017\/07\/16-fdv_1585.jpg\" alt=\"wedding photographer poland\" width=\"1200\" height=\"801\" \/><\/figure>\n\n\n\n<figure><img loading=\"lazy\" decoding=\"async\" style=\"margin-bottom: 5px;\" src=\"https:\/\/www.felixdevega.com\/wp-content\/uploads\/2017\/07\/17-fdv_1570-editar.jpg\" alt=\"wedding photographer poland\" width=\"1200\" height=\"801\" \/><\/figure>\n\n\n\n<figure><img loading=\"lazy\" decoding=\"async\" style=\"margin-bottom: 5px;\" src=\"https:\/\/www.felixdevega.com\/wp-content\/uploads\/2017\/07\/18-fdv_1942-editar.jpg\" alt=\"wedding photographer poland\" width=\"1200\" height=\"341\" \/><\/figure>\n\n\n\n<figure><img loading=\"lazy\" decoding=\"async\" style=\"margin-bottom: 5px;\" src=\"https:\/\/www.felixdevega.com\/wp-content\/uploads\/2017\/07\/19-fdv_1718.jpg\" alt=\"wedding photographer poland\" width=\"1200\" height=\"801\" \/><\/figure>\n\n\n\n<figure><img loading=\"lazy\" decoding=\"async\" style=\"margin-bottom: 5px;\" src=\"https:\/\/www.felixdevega.com\/wp-content\/uploads\/2017\/07\/20-fdv_1611.jpg\" alt=\"wedding photographer poland\" width=\"1200\" height=\"801\" \/><\/figure>\n\n\n\n<figure><img loading=\"lazy\" decoding=\"async\" style=\"margin-bottom: 5px;\" src=\"https:\/\/www.felixdevega.com\/wp-content\/uploads\/2017\/07\/09-fdv_1696.jpg\" alt=\"wedding photographer poland\" width=\"1200\" height=\"801\" \/><\/figure>\n\n\n\n<figure><img loading=\"lazy\" decoding=\"async\" style=\"margin-bottom: 5px;\" src=\"https:\/\/www.felixdevega.com\/wp-content\/uploads\/2017\/07\/21-fdv_1644.jpg\" alt=\"wedding photographer poland\" width=\"1200\" height=\"801\" \/><\/figure>\n\n\n\n<figure><img loading=\"lazy\" decoding=\"async\" style=\"margin-bottom: 5px;\" src=\"https:\/\/www.felixdevega.com\/wp-content\/uploads\/2017\/07\/22-fdv_1652.jpg\" alt=\"wedding photographer poland\" width=\"1200\" height=\"801\" \/><\/figure>\n\n\n\n<figure><img loading=\"lazy\" decoding=\"async\" style=\"margin-bottom: 5px;\" src=\"https:\/\/www.felixdevega.com\/wp-content\/uploads\/2017\/07\/fdv_1876-2.jpg\" alt=\"\" width=\"1200\" height=\"801\" \/><\/figure>\n\n\n\n<p class=\"has-text-align-center\"><p>&nbsp;<\/p><\/p>\n\n\n\n<p class=\"has-text-align-center\">\u00a9 all images F\u00e9lix de Vega<\/p>\n\n\n\n<p class=\"has-text-align-center\">&#8212;<\/p>\n\n\n\n<p class=\"has-text-align-center\"><strong>Would you like to book a photo session?<\/strong><\/p>\n\n\n\n<p class=\"has-text-align-center\">Please contact with me:<\/p>\n\n\n\n<p class=\"has-text-align-center\"><strong><a style=\"color: #808080;\" href=\"https:\/\/www.felixdevega.com\/contact\/\" target=\"_blank\" rel=\"noopener noreferrer\">info@felixdevega.com<\/a><\/strong><\/p>\n\n\n\n<p class=\"has-text-align-center\">tel. +48 511 579 346<\/p>\n\n\n\n<p class=\"has-text-align-center\">Let\u00b4s do something beautiful together!<\/p>\n\n\n<h2>Book your date<\/h2>\n<p><b>Just drop me an email.\u00a0 I would like to hear about your plans<\/b><\/p>\n<p>F\u00e9lix de Vega<\/p>\n<p>info@felixdevega.com<\/p>\n<p>tel. +48 511 579 346<\/p>\n<p>Warsaw |\u00a0 Poland<\/p>\n<p>\t\t\t\t\t<a href=\"https:\/\/www.felixdevega.com\/contact\/\"><br \/>\n\t\t\t\t\t\t\t\t\tGET IN TOUCH<br \/>\n\t\t\t\t\t<\/a><\/p>","protected":false},"excerpt":{"rendered":"<p>Karolina &amp; Maciek \u2013 Wrota Tannhausera Widzia\u0142em rzeczy, kt\u00f3rym wy ludzie nie daliby\u015bcie wiary. Statki w ogniu sun\u0105ce ku ramionom Oriona. Ogl\u0105da\u0142em promienie kosmiczne b\u0142yszcz\u0105ce w ciemno\u015bciach blisko wr\u00f3t Tannhausera. Wszystkie te chwile znikn\u0105 w czasie jak \u0142zy na deszczu Ta sesja jest nieco inna od tego co zazwyczaj mo\u017cecie ogl\u0105da\u0107 na moim blogu. Mo\u017cliwe, \u017ce kojarzycie ju\u017c Karolin\u0119 i Ma\u0107ka &#8211; wsp\u00f3\u0142pracowa\u0142em z nimi podczas ich \u015blubnej sesji. Jednak tym razem spotkali\u015bmy si\u0119 w nieco innym celu\u2026 Niekt\u00f3rzy z was zapewne ju\u017c si\u0119 domy\u015blaj\u0105, jaki motyw przewodni ma ta sesja zdj\u0119ciowa. Inspiracj\u0105 by\u0142 jeden z ulubionych film\u00f3w Karoliny i Ma\u0107ka, ponadczasowe science fiction z 1982 roku z doskona\u0142ym Harrisonem Fordem w roli g\u0142\u00f3wnej. Mowa oczywi\u015bcie o klasyku, jakim jest Blade Runner! Nie ukrywam, \u017ce r\u00f3wnie\u017c jestem ogromnym fanem, ten film to dla mnie prawdziwe dzie\u0142o sztuki, jedna z najlepszych produkcji w bogatym dorobku Ridleya Scotta. Ka\u017cda klatka filmu jest doskona\u0142a, co t\u0142umaczy, dlaczego ten film jest dla mnie tak wielk\u0105 inspiracj\u0105 w codziennej pracy fotografa. Sesja zdj\u0119ciowa odby\u0142a si\u0119 w starej, opuszczonej fabryce. Wykorzystali\u015bmy sztuczne \u015bwiat\u0142o, filtry i dym, by jeszcze bardziej odda\u0107 t\u0105 niesamowit\u0105 atmosfer\u0119 znan\u0105 nam doskonale z filmu. Ta sesja by\u0142a dla mnie ogromnym wyzwaniem, zw\u0142aszcza z powodu \u015bwiat\u0142a &#8211; w filmie nigdy nie wida\u0107 s\u0142o\u0144ca ani naturalnego \u015bwiat\u0142a. Fotografowanie w takich warunkach by\u0142o prawdziw\u0105 pr\u00f3b\u0105 si\u0142. Karolina i Maciek dzielnie wsp\u00f3\u0142pracowali, cz\u0119sto podsuwali w\u0142asne, ciekawe pomys\u0142y. Na zdj\u0119ciach pojawiaj\u0105 si\u0119 symboliczne elementy, kt\u00f3re ukazane by\u0142y w filmie, jak chocia\u017cby zapa\u0142ki i charakterystyczne przybli\u017cenie oka. Ta sesja zdj\u0119ciowa by\u0142a dla mnie niesamowitym do\u015bwiadczeniem &#8211; ogromnym wyzwaniem, ale te\u017c rado\u015bci\u0105, \u017ce bior\u0119 udzia\u0142 w tak kreatywnym projekcie. Zastanawiali\u015bcie si\u0119 kiedy\u015b, co by si\u0119 sta\u0142o, gdyby trzech najwi\u0119kszych fan\u00f3w Blade Runnera znalaz\u0142o si\u0119 w opuszczonej piwnicy? Efekty tego spotkania mo\u017cecie zobaczy\u0107 poni\u017cej! Music: Perturbator &#8211; Femme fatale &nbsp; \u00a9 all images F\u00e9lix de Vega &#8212; Would you like to book a photo session? Please contact with me: info@felixdevega.com tel. +48 511 579 346 Let\u00b4s do something beautiful together! Book your date Just drop me an email.\u00a0 I would like to hear about your plans F\u00e9lix de Vega info@felixdevega.com tel. +48 511 579 346 Warsaw |\u00a0 Poland GET IN TOUCH<\/p>\n","protected":false},"author":1,"featured_media":5779,"parent":0,"menu_order":0,"comment_status":"open","ping_status":"closed","template":"","meta":{"footnotes":""},"tags":[693,767,756],"class_list":["post-8378","page","type-page","status-publish","has-post-thumbnail","hentry","tag-fotograf-slubny-w-warszawie","tag-sesja-narzeczenska","tag-wedding"],"blocksy_meta":{"styles_descriptor":{"styles":{"desktop":"","tablet":"","mobile":""},"google_fonts":[],"version":6}},"_links":{"self":[{"href":"https:\/\/www.felixdevega.com\/pl\/wp-json\/wp\/v2\/pages\/8378","targetHints":{"allow":["GET"]}}],"collection":[{"href":"https:\/\/www.felixdevega.com\/pl\/wp-json\/wp\/v2\/pages"}],"about":[{"href":"https:\/\/www.felixdevega.com\/pl\/wp-json\/wp\/v2\/types\/page"}],"author":[{"embeddable":true,"href":"https:\/\/www.felixdevega.com\/pl\/wp-json\/wp\/v2\/users\/1"}],"replies":[{"embeddable":true,"href":"https:\/\/www.felixdevega.com\/pl\/wp-json\/wp\/v2\/comments?post=8378"}],"version-history":[{"count":35,"href":"https:\/\/www.felixdevega.com\/pl\/wp-json\/wp\/v2\/pages\/8378\/revisions"}],"predecessor-version":[{"id":24965,"href":"https:\/\/www.felixdevega.com\/pl\/wp-json\/wp\/v2\/pages\/8378\/revisions\/24965"}],"wp:featuredmedia":[{"embeddable":true,"href":"https:\/\/www.felixdevega.com\/pl\/wp-json\/wp\/v2\/media\/5779"}],"wp:attachment":[{"href":"https:\/\/www.felixdevega.com\/pl\/wp-json\/wp\/v2\/media?parent=8378"}],"wp:term":[{"taxonomy":"post_tag","embeddable":true,"href":"https:\/\/www.felixdevega.com\/pl\/wp-json\/wp\/v2\/tags?post=8378"}],"curies":[{"name":"wp","href":"https:\/\/api.w.org\/{rel}","templated":true}]}}