{"id":28474,"date":"2025-02-24T16:08:46","date_gmt":"2025-02-24T15:08:46","guid":{"rendered":"https:\/\/www.felixdevega.com\/privacy-policy\/"},"modified":"2025-02-24T16:51:58","modified_gmt":"2025-02-24T15:51:58","slug":"privacy-policy","status":"publish","type":"page","link":"https:\/\/www.felixdevega.com\/pl\/privacy-policy\/","title":{"rendered":"Polityka prywatno\u015bci"},"content":{"rendered":"\n<h2 class=\"wp-block-heading\">Polityka prywatno\u015bci<\/h2>\n\n\n\n<p>Witamy na felixdevega.com. Jeste\u015bmy zobowi\u0105zani chroni\u0107 Twoje dane osobowe i Twoje prawo do prywatno\u015bci. Je\u015bli masz jakiekolwiek pytania lub w\u0105tpliwo\u015bci dotycz\u0105ce naszej polityki lub naszych praktyk w odniesieniu do Twoich danych osobowych, skontaktuj si\u0119 z nami pod adresem info@felixdevega.com<\/p>\n\n\n\n<p><strong>Informacje, kt\u00f3re zbieramy.<\/strong>  Gromadzimy dane osobowe, kt\u00f3re nam przekazujesz, takie jak imi\u0119 i nazwisko, adres, dane kontaktowe, has\u0142a i dane zabezpieczaj\u0105ce oraz informacje dotycz\u0105ce p\u0142atno\u015bci. Zbieramy r\u00f3wnie\u017c informacje automatycznie, takie jak adres IP, typ przegl\u0105darki, system operacyjny i dane dotycz\u0105ce u\u017cytkowania.<\/p>\n\n\n\n<p><strong>Jak wykorzystujemy Twoje dane?<\/strong> Gromadzone przez nas informacje wykorzystujemy na r\u00f3\u017cne sposoby, w tym w celu:<\/p>\n\n\n\n<ul class=\"wp-block-list\">\n<li>Udost\u0119pnia\u0107, obs\u0142ugiwa\u0107 i utrzymiwa\u0107 nasz\u0105 witryn\u0119 internetow\u0105<\/li>\n\n\n\n<li>Ulepsza\u0107, personalizowa\u0107 i rozwija\u0107 nasz\u0105 witryn\u0119 internetow\u0105<\/li>\n\n\n\n<li>Zrozumie\u0107 i przeanalizowa\u0107, w jaki spos\u00f3b korzystasz z naszej strony internetowej<\/li>\n\n\n\n<li>Opracowywanie nowych produkt\u00f3w, us\u0142ug, funkcji i funkcjonalno\u015bci<\/li>\n\n\n\n<li>Komunikowa\u0107 si\u0119 z Tob\u0105 bezpo\u015brednio lub za po\u015brednictwem jednego z naszych partner\u00f3w, w tym w celu obs\u0142ugi klienta, aby dostarcza\u0107 Ci aktualizacje i inne informacje zwi\u0105zane ze stron\u0105 internetow\u0105, a tak\u017ce w celach marketingowych i promocyjnych<\/li>\n\n\n\n<li>Przetwarza\u0107 transakcje i zarz\u0105dzaj zam\u00f3wieniami<\/li>\n\n\n\n<li>Znale\u0107 i zapobiega\u0107 oszustwom<\/li>\n<\/ul>\n\n\n\n<p><\/p>\n\n\n\n<p><strong>Podstawy prawne przetwarzania.<\/strong>  Twoich danych Zgodnie z og\u00f3lnym rozporz\u0105dzeniem o ochronie danych <strong>(UE) 2016\/679 RODO <\/strong>musimy mie\u0107 podstaw\u0119 prawn\u0105 do przetwarzania Twoich danych osobowych. Opieramy si\u0119 na nast\u0119puj\u0105cych podstawach prawnych:<\/p>\n\n\n\n<ul class=\"wp-block-list\">\n<li>Twoja zgoda<\/li>\n\n\n\n<li>Wykonanie umowy<\/li>\n\n\n\n<li>Przestrzeganie obowi\u0105zk\u00f3w prawnych<\/li>\n\n\n\n<li>Uzasadnione interesy<\/li>\n<\/ul>\n\n\n\n<p><\/p>\n\n\n\n<p><strong>Udost\u0119pnianie Twoich danych.<\/strong>  Mo\u017cemy udost\u0119pnia\u0107 Twoje dane stronom trzecim w nast\u0119puj\u0105cych sytuacjach:<\/p>\n\n\n\n<ul class=\"wp-block-list\">\n<li>Za Twoj\u0105 zgod\u0105<\/li>\n\n\n\n<li>Ze wzgl\u0119d\u00f3w prawnych (np. w celu zapewnienia zgodno\u015bci z obowi\u0105zuj\u0105cymi przepisami prawa, regulacjami, procesami prawnymi lub \u017c\u0105daniami rz\u0105dowymi)<\/li>\n\n\n\n<li>Dostawcom us\u0142ug, kt\u00f3rzy pomagaj\u0105 nam w prowadzeniu naszej witryny internetowej, prowadzeniu naszej dzia\u0142alno\u015bci lub obs\u0142udze naszych u\u017cytkownik\u00f3w, o ile strony te zgadzaj\u0105 si\u0119 zachowa\u0107 te informacje w tajemnicy<\/li>\n<\/ul>\n\n\n\n<p><\/p>\n\n\n\n<p><strong>Bezpiecze\u0144stwo. <\/strong> Twoich informacji Stosujemy administracyjne, techniczne i fizyczne \u015brodki bezpiecze\u0144stwa, aby pom\u00f3c chroni\u0107 Twoje dane osobowe. Jednak\u017ce \u017cadna metoda transmisji przez Internet ani metoda elektronicznego przechowywania nie jest w 100% bezpieczna i nie mo\u017cemy zagwarantowa\u0107 jej ca\u0142kowitego bezpiecze\u0144stwa.<\/p>\n\n\n\n<p><strong>Twoje prawa do ochrony danych. <\/strong> W zale\u017cno\u015bci od Twojej lokalizacji mo\u017cesz mie\u0107 nast\u0119puj\u0105ce prawa wynikaj\u0105ce z RODO:<\/p>\n\n\n\n<ul class=\"wp-block-list\">\n<li>Prawo dost\u0119pu \u2013 Masz prawo za\u017c\u0105da\u0107 kopii swoich danych osobowych.<\/li>\n\n\n\n<li>Prawo do sprostowania \u2013 masz prawo za\u017c\u0105da\u0107, aby\u015bmy poprawili wszelkie informacje, kt\u00f3re Twoim zdaniem s\u0105 niedok\u0142adne lub pe\u0142ne, kt\u00f3re Twoim zdaniem s\u0105 niekompletne.<\/li>\n\n\n\n<li>Prawo do usuni\u0119cia \u2013 masz prawo \u017c\u0105da\u0107, aby\u015bmy usun\u0119li Twoje dane osobowe, pod pewnymi warunkami.<\/li>\n\n\n\n<li>Prawo do ograniczenia przetwarzania \u2013 Masz prawo \u017c\u0105da\u0107, aby\u015bmy ograniczyli przetwarzanie Twoich danych osobowych, pod pewnymi warunkami.<\/li>\n\n\n\n<li>Prawo do sprzeciwu wobec przetwarzania \u2013 Masz prawo sprzeciwi\u0107 si\u0119 przetwarzaniu przez nas Twoich danych osobowych, pod pewnymi warunkami.<\/li>\n\n\n\n<li>Prawo do przenoszenia danych \u2013 Masz prawo \u017c\u0105da\u0107, aby\u015bmy przekazali zebrane przez nas dane innej organizacji lub bezpo\u015brednio Tobie, pod pewnymi warunkami.<\/li>\n<\/ul>\n\n\n\n<p><\/p>\n\n\n\n<p><strong>Zmiany w niniejszej Polityce prywatno\u015bci. <\/strong>Od czasu do czasu mo\u017cemy aktualizowa\u0107 nasz\u0105 Polityk\u0119 prywatno\u015bci. O wszelkich zmianach poinformujemy Ci\u0119, publikuj\u0105c now\u0105 Polityk\u0119 prywatno\u015bci na tej stronie. Zaleca si\u0119 okresowe przegl\u0105danie niniejszej Polityki prywatno\u015bci pod k\u0105tem jakichkolwiek zmian.<\/p>\n\n\n\n<p><strong>Skontaktuj si\u0119 z nami<\/strong>. Je\u015bli masz jakiekolwiek pytania dotycz\u0105ce niniejszej Polityki prywatno\u015bci, skontaktuj si\u0119 z nami pod adresem info@felixdevega.com<\/p>\n\n\n\n<p><\/p>\n\n\n\n<p><\/p>\n\n\n\n<p><\/p>\n","protected":false},"excerpt":{"rendered":"<p>Polityka prywatno\u015bci Witamy na felixdevega.com. Jeste\u015bmy zobowi\u0105zani chroni\u0107 Twoje dane osobowe i Twoje prawo do prywatno\u015bci. Je\u015bli masz jakiekolwiek pytania lub w\u0105tpliwo\u015bci dotycz\u0105ce naszej polityki lub naszych praktyk w odniesieniu do Twoich danych osobowych, skontaktuj si\u0119 z nami pod adresem info@felixdevega.com Informacje, kt\u00f3re zbieramy. Gromadzimy dane osobowe, kt\u00f3re nam przekazujesz, takie jak imi\u0119 i nazwisko, adres, dane kontaktowe, has\u0142a i dane zabezpieczaj\u0105ce oraz informacje dotycz\u0105ce p\u0142atno\u015bci. Zbieramy r\u00f3wnie\u017c informacje automatycznie, takie jak adres IP, typ przegl\u0105darki, system operacyjny i dane dotycz\u0105ce u\u017cytkowania. Jak wykorzystujemy Twoje dane? Gromadzone przez nas informacje wykorzystujemy na r\u00f3\u017cne sposoby, w tym w celu: Podstawy prawne przetwarzania. Twoich danych Zgodnie z og\u00f3lnym rozporz\u0105dzeniem o ochronie danych (UE) 2016\/679 RODO musimy mie\u0107 podstaw\u0119 prawn\u0105 do przetwarzania Twoich danych osobowych. Opieramy si\u0119 na nast\u0119puj\u0105cych podstawach prawnych: Udost\u0119pnianie Twoich danych. Mo\u017cemy udost\u0119pnia\u0107 Twoje dane stronom trzecim w nast\u0119puj\u0105cych sytuacjach: Bezpiecze\u0144stwo. Twoich informacji Stosujemy administracyjne, techniczne i fizyczne \u015brodki bezpiecze\u0144stwa, aby pom\u00f3c chroni\u0107 Twoje dane osobowe. Jednak\u017ce \u017cadna metoda transmisji przez Internet ani metoda elektronicznego przechowywania nie jest w 100% bezpieczna i nie mo\u017cemy zagwarantowa\u0107 jej ca\u0142kowitego bezpiecze\u0144stwa. Twoje prawa do ochrony danych. W zale\u017cno\u015bci od Twojej lokalizacji mo\u017cesz mie\u0107 nast\u0119puj\u0105ce prawa wynikaj\u0105ce z RODO: Zmiany w niniejszej Polityce prywatno\u015bci. Od czasu do czasu mo\u017cemy aktualizowa\u0107 nasz\u0105 Polityk\u0119 prywatno\u015bci. O wszelkich zmianach poinformujemy Ci\u0119, publikuj\u0105c now\u0105 Polityk\u0119 prywatno\u015bci na tej stronie. Zaleca si\u0119 okresowe przegl\u0105danie niniejszej Polityki prywatno\u015bci pod k\u0105tem jakichkolwiek zmian. Skontaktuj si\u0119 z nami. Je\u015bli masz jakiekolwiek pytania dotycz\u0105ce niniejszej Polityki prywatno\u015bci, skontaktuj si\u0119 z nami pod adresem info@felixdevega.com<\/p>\n","protected":false},"author":1,"featured_media":5537,"parent":0,"menu_order":0,"comment_status":"closed","ping_status":"closed","template":"","meta":{"footnotes":""},"tags":[],"class_list":["post-28474","page","type-page","status-publish","has-post-thumbnail","hentry"],"blocksy_meta":[],"_links":{"self":[{"href":"https:\/\/www.felixdevega.com\/pl\/wp-json\/wp\/v2\/pages\/28474","targetHints":{"allow":["GET"]}}],"collection":[{"href":"https:\/\/www.felixdevega.com\/pl\/wp-json\/wp\/v2\/pages"}],"about":[{"href":"https:\/\/www.felixdevega.com\/pl\/wp-json\/wp\/v2\/types\/page"}],"author":[{"embeddable":true,"href":"https:\/\/www.felixdevega.com\/pl\/wp-json\/wp\/v2\/users\/1"}],"replies":[{"embeddable":true,"href":"https:\/\/www.felixdevega.com\/pl\/wp-json\/wp\/v2\/comments?post=28474"}],"version-history":[{"count":3,"href":"https:\/\/www.felixdevega.com\/pl\/wp-json\/wp\/v2\/pages\/28474\/revisions"}],"predecessor-version":[{"id":28478,"href":"https:\/\/www.felixdevega.com\/pl\/wp-json\/wp\/v2\/pages\/28474\/revisions\/28478"}],"wp:featuredmedia":[{"embeddable":true,"href":"https:\/\/www.felixdevega.com\/pl\/wp-json\/wp\/v2\/media\/5537"}],"wp:attachment":[{"href":"https:\/\/www.felixdevega.com\/pl\/wp-json\/wp\/v2\/media?parent=28474"}],"wp:term":[{"taxonomy":"post_tag","embeddable":true,"href":"https:\/\/www.felixdevega.com\/pl\/wp-json\/wp\/v2\/tags?post=28474"}],"curies":[{"name":"wp","href":"https:\/\/api.w.org\/{rel}","templated":true}]}}