{"id":8379,"date":"2017-06-28T00:59:07","date_gmt":"2017-06-27T23:59:07","guid":{"rendered":"http:\/\/felixdevega.com\/karolina-maciek\/"},"modified":"2024-10-05T16:51:40","modified_gmt":"2024-10-05T14:51:40","slug":"karolina-maciek","status":"publish","type":"page","link":"https:\/\/www.felixdevega.com\/es\/karolina-maciek\/","title":{"rendered":"Karolina &#038; Maciek &#8211; La puerta de Tannh\u00e4user"},"content":{"rendered":"<h3 style=\"text-align: center;\"><span style=\"font-size: 18pt;\">Karolina &amp; Maciek &#8211; La puerta de Tannh\u00e4user<\/span><\/h3>\n<p>&nbsp;<\/p>\n<p style=\"text-align: center;\"><span style=\"font-family: verdana, geneva, sans-serif;\">He visto cosas que vosotros no creer\u00edais. <\/span><\/p>\n<p style=\"text-align: center;\"><span style=\"font-family: verdana, geneva, sans-serif;\">Naves de ataque en llamas m\u00e1s all\u00e1 de Ori\u00f3n. <\/span><\/p>\n<p style=\"text-align: center;\"><span style=\"font-family: verdana, geneva, sans-serif;\">He visto rayos-C brillar en la oscuridad cerca de la Puerta de Tannh\u00e4user.<\/span><\/p>\n<p style=\"text-align: center;\"><span style=\"font-family: verdana, geneva, sans-serif;\"> Todos esos momentos se perder\u00e1n&#8230; en el tiempo&#8230; como l\u00e1grimas en la lluvia.\u00a0<\/span><\/p>\n<p>&nbsp;<\/p>\n<p style=\"text-align: left;\"><span style=\"font-family: verdana, geneva, sans-serif;\"> Esta sesi\u00f3n es un poco diferente de lo que normalmente se puede ver en mi blog. Es posible que ya conozcas a Karolina y Maciek. Colabor\u00e9 con ellos durante su sesi\u00f3n de bodas. Sin embargo, esta vez nos reunimos con un prop\u00f3sito ligeramente diferente. Algunos de ustedes probablemente ya adivinen cu\u00e1l es el tema de esta sesi\u00f3n de fotos: la inspiraci\u00f3n fue una de las pel\u00edculas favoritas de Karolina y Maciek, la pelicula de culto de ciencia ficci\u00f3n de 1982 con Harrison Ford. Si, se trata de Blade Runner. Debo admitir que tambi\u00e9n soy un gran admirador, esta pel\u00edcula es una verdadera obra maestra, uno de los mejores proyectos dirigidos por Ridley Scott. Cada fotograma de la pel\u00edcula es perfecto, lo que explica por qu\u00e9 esta pel\u00edcula es una gran inspiraci\u00f3n para m\u00ed como fot\u00f3grafo.<\/span><span style=\"font-family: verdana, geneva, sans-serif;\"> La sesi\u00f3n de fotos tuvo lugar en una antigua f\u00e1brica abandonada. Usamos luz artificial, filtros y humo para dar a\u00fan m\u00e1s de esta incre\u00edble atm\u00f3sfera de la pel\u00edcula. Esta sesi\u00f3n de fotos fue un gran desaf\u00edo para m\u00ed, especialmente debido a la luz: en la pel\u00edcula nunca se puede ver el sol o la luz natural. Disparar en tales condiciones fue una verdadera prueba de fuerza. Karolina y Maciek cooperaron valientemente, a menudo sugiriendo sus propias ideas interesantes. Aparecen elementos simb\u00f3licos en las im\u00e1genes, que se mostraban en la pel\u00edcula, como las cerillas y los primeros planos del ojo caracter\u00edsticos. Esta sesi\u00f3n de fotos fue una experiencia incre\u00edble para m\u00ed, un gran desaf\u00edo, pero tambi\u00e9n una alegr\u00eda por participar en un proyecto tan creativo. \u00bfAlguna vez se pregunt\u00f3 qu\u00e9 pasar\u00eda si los tres admiradores m\u00e1s grandes de Blade Runner se encontraran en un s\u00f3tano abandonado? \u00a1Los efectos de esta reuni\u00f3n se pueden ver a continuaci\u00f3n!<\/span><\/p>\n<audio class=\"wp-audio-shortcode\" id=\"audio-8379-1\" loop autoplay preload=\"none\" style=\"width: 100%;\" controls=\"controls\"><source type=\"audio\/mpeg\" src=\"http:\/\/felixdevega.com\/wp-content\/uploads\/2017\/07\/perturbator-femme-fatale-feat--highway-superstar-the-uncanny-valley-2016.mp3?_=1\" \/><a href=\"http:\/\/felixdevega.com\/wp-content\/uploads\/2017\/07\/perturbator-femme-fatale-feat--highway-superstar-the-uncanny-valley-2016.mp3\" target=\"_blank\" rel=\"noopener\">http:\/\/felixdevega.com\/wp-content\/uploads\/2017\/07\/perturbator-femme-fatale-feat--highway-superstar-the-uncanny-valley-2016.mp3<\/a><\/audio>\n<p style=\"text-align: center;\">Music: Perturbator &#8211; Femme fatale<\/p>\n<p style=\"text-align: center;\"><img fetchpriority=\"high\" decoding=\"async\" class=\"aligncenter size-full wp-image-1502\" src=\"https:\/\/www.felixdevega.com\/wp-content\/uploads\/2017\/07\/11-fdv_1578.jpg\" alt=\"wedding photographer poland\" width=\"1200\" height=\"801\" srcset=\"https:\/\/www.felixdevega.com\/wp-content\/uploads\/2017\/07\/11-fdv_1578.jpg 1200w, https:\/\/www.felixdevega.com\/wp-content\/uploads\/2017\/07\/11-fdv_1578-300x200.jpg 300w, https:\/\/www.felixdevega.com\/wp-content\/uploads\/2017\/07\/11-fdv_1578-900x601.jpg 900w\" sizes=\"(max-width: 1200px) 100vw, 1200px\" \/><img decoding=\"async\" class=\"aligncenter size-full wp-image-1490\" src=\"https:\/\/www.felixdevega.com\/wp-content\/uploads\/2017\/07\/00-fdv_1839.jpg\" alt=\"wedding photographer poland\" width=\"1200\" height=\"801\" srcset=\"https:\/\/www.felixdevega.com\/wp-content\/uploads\/2017\/07\/00-fdv_1839.jpg 1200w, https:\/\/www.felixdevega.com\/wp-content\/uploads\/2017\/07\/00-fdv_1839-300x200.jpg 300w, https:\/\/www.felixdevega.com\/wp-content\/uploads\/2017\/07\/00-fdv_1839-900x601.jpg 900w\" sizes=\"(max-width: 1200px) 100vw, 1200px\" \/> <img decoding=\"async\" class=\"aligncenter size-full wp-image-1491\" src=\"https:\/\/www.felixdevega.com\/wp-content\/uploads\/2017\/07\/01-fdv_1754.jpg\" alt=\"\" width=\"1200\" height=\"801\" srcset=\"https:\/\/www.felixdevega.com\/wp-content\/uploads\/2017\/07\/01-fdv_1754.jpg 1200w, https:\/\/www.felixdevega.com\/wp-content\/uploads\/2017\/07\/01-fdv_1754-300x200.jpg 300w, https:\/\/www.felixdevega.com\/wp-content\/uploads\/2017\/07\/01-fdv_1754-900x601.jpg 900w\" sizes=\"(max-width: 1200px) 100vw, 1200px\" \/> <img loading=\"lazy\" decoding=\"async\" class=\"aligncenter size-full wp-image-1492\" src=\"https:\/\/www.felixdevega.com\/wp-content\/uploads\/2017\/07\/02-fdv_1701.jpg\" alt=\"\" width=\"1200\" height=\"801\" srcset=\"https:\/\/www.felixdevega.com\/wp-content\/uploads\/2017\/07\/02-fdv_1701.jpg 1200w, https:\/\/www.felixdevega.com\/wp-content\/uploads\/2017\/07\/02-fdv_1701-300x200.jpg 300w, https:\/\/www.felixdevega.com\/wp-content\/uploads\/2017\/07\/02-fdv_1701-900x601.jpg 900w\" sizes=\"(max-width: 1200px) 100vw, 1200px\" \/> <img loading=\"lazy\" decoding=\"async\" class=\"aligncenter size-full wp-image-1493\" src=\"https:\/\/www.felixdevega.com\/wp-content\/uploads\/2017\/07\/03_fdv_1715.jpg\" alt=\"\" width=\"1200\" height=\"801\" srcset=\"https:\/\/www.felixdevega.com\/wp-content\/uploads\/2017\/07\/03_fdv_1715.jpg 1200w, https:\/\/www.felixdevega.com\/wp-content\/uploads\/2017\/07\/03_fdv_1715-300x200.jpg 300w, https:\/\/www.felixdevega.com\/wp-content\/uploads\/2017\/07\/03_fdv_1715-900x601.jpg 900w\" sizes=\"(max-width: 1200px) 100vw, 1200px\" \/> <img loading=\"lazy\" decoding=\"async\" class=\"aligncenter size-full wp-image-1494\" src=\"https:\/\/www.felixdevega.com\/wp-content\/uploads\/2017\/07\/04-fdv_1595.jpg\" alt=\"\" width=\"1200\" height=\"801\" srcset=\"https:\/\/www.felixdevega.com\/wp-content\/uploads\/2017\/07\/04-fdv_1595.jpg 1200w, https:\/\/www.felixdevega.com\/wp-content\/uploads\/2017\/07\/04-fdv_1595-300x200.jpg 300w, https:\/\/www.felixdevega.com\/wp-content\/uploads\/2017\/07\/04-fdv_1595-900x601.jpg 900w\" sizes=\"(max-width: 1200px) 100vw, 1200px\" \/> <img loading=\"lazy\" decoding=\"async\" class=\"aligncenter size-full wp-image-1495\" src=\"https:\/\/www.felixdevega.com\/wp-content\/uploads\/2017\/07\/05-fdv_1597.jpg\" alt=\"\" width=\"1200\" height=\"801\" srcset=\"https:\/\/www.felixdevega.com\/wp-content\/uploads\/2017\/07\/05-fdv_1597.jpg 1200w, https:\/\/www.felixdevega.com\/wp-content\/uploads\/2017\/07\/05-fdv_1597-300x200.jpg 300w, https:\/\/www.felixdevega.com\/wp-content\/uploads\/2017\/07\/05-fdv_1597-900x601.jpg 900w\" sizes=\"(max-width: 1200px) 100vw, 1200px\" \/><img loading=\"lazy\" decoding=\"async\" class=\"aligncenter size-full wp-image-1512\" src=\"https:\/\/www.felixdevega.com\/wp-content\/uploads\/2017\/07\/fdv_1589-editar-4.jpg\" alt=\"\" width=\"1200\" height=\"801\" srcset=\"https:\/\/www.felixdevega.com\/wp-content\/uploads\/2017\/07\/fdv_1589-editar-4.jpg 1200w, https:\/\/www.felixdevega.com\/wp-content\/uploads\/2017\/07\/fdv_1589-editar-4-300x200.jpg 300w, https:\/\/www.felixdevega.com\/wp-content\/uploads\/2017\/07\/fdv_1589-editar-4-900x601.jpg 900w\" sizes=\"(max-width: 1200px) 100vw, 1200px\" \/><img loading=\"lazy\" decoding=\"async\" class=\"aligncenter size-full wp-image-1496\" src=\"https:\/\/www.felixdevega.com\/wp-content\/uploads\/2017\/07\/06-fdv_1603.jpg\" alt=\"\" width=\"1200\" height=\"801\" srcset=\"https:\/\/www.felixdevega.com\/wp-content\/uploads\/2017\/07\/06-fdv_1603.jpg 1200w, https:\/\/www.felixdevega.com\/wp-content\/uploads\/2017\/07\/06-fdv_1603-300x200.jpg 300w, https:\/\/www.felixdevega.com\/wp-content\/uploads\/2017\/07\/06-fdv_1603-900x601.jpg 900w\" sizes=\"(max-width: 1200px) 100vw, 1200px\" \/> <img loading=\"lazy\" decoding=\"async\" class=\"aligncenter size-full wp-image-1498\" src=\"https:\/\/www.felixdevega.com\/wp-content\/uploads\/2017\/07\/07-fdv_1627.jpg\" alt=\"\" width=\"1200\" height=\"801\" srcset=\"https:\/\/www.felixdevega.com\/wp-content\/uploads\/2017\/07\/07-fdv_1627.jpg 1200w, https:\/\/www.felixdevega.com\/wp-content\/uploads\/2017\/07\/07-fdv_1627-300x200.jpg 300w, https:\/\/www.felixdevega.com\/wp-content\/uploads\/2017\/07\/07-fdv_1627-900x601.jpg 900w\" sizes=\"(max-width: 1200px) 100vw, 1200px\" \/> <img loading=\"lazy\" decoding=\"async\" class=\"aligncenter size-full wp-image-1499\" src=\"https:\/\/www.felixdevega.com\/wp-content\/uploads\/2017\/07\/08-fdv_1620.jpg\" alt=\"\" width=\"1200\" height=\"801\" srcset=\"https:\/\/www.felixdevega.com\/wp-content\/uploads\/2017\/07\/08-fdv_1620.jpg 1200w, https:\/\/www.felixdevega.com\/wp-content\/uploads\/2017\/07\/08-fdv_1620-300x200.jpg 300w, https:\/\/www.felixdevega.com\/wp-content\/uploads\/2017\/07\/08-fdv_1620-900x601.jpg 900w\" sizes=\"(max-width: 1200px) 100vw, 1200px\" \/><img loading=\"lazy\" decoding=\"async\" class=\"aligncenter size-full wp-image-1501\" src=\"https:\/\/www.felixdevega.com\/wp-content\/uploads\/2017\/07\/10-fdv_1548-editar.jpg\" alt=\"wedding photographer poland\" width=\"1200\" height=\"309\" srcset=\"https:\/\/www.felixdevega.com\/wp-content\/uploads\/2017\/07\/10-fdv_1548-editar.jpg 1200w, https:\/\/www.felixdevega.com\/wp-content\/uploads\/2017\/07\/10-fdv_1548-editar-300x77.jpg 300w, https:\/\/www.felixdevega.com\/wp-content\/uploads\/2017\/07\/10-fdv_1548-editar-900x232.jpg 900w\" sizes=\"(max-width: 1200px) 100vw, 1200px\" \/><img loading=\"lazy\" decoding=\"async\" class=\"aligncenter size-full wp-image-1489\" src=\"https:\/\/www.felixdevega.com\/wp-content\/uploads\/2017\/07\/fdv_1549.jpg\" alt=\"wedding photographer poland\" width=\"1200\" height=\"801\" srcset=\"https:\/\/www.felixdevega.com\/wp-content\/uploads\/2017\/07\/fdv_1549.jpg 1200w, https:\/\/www.felixdevega.com\/wp-content\/uploads\/2017\/07\/fdv_1549-300x200.jpg 300w, https:\/\/www.felixdevega.com\/wp-content\/uploads\/2017\/07\/fdv_1549-900x601.jpg 900w\" sizes=\"(max-width: 1200px) 100vw, 1200px\" \/><img loading=\"lazy\" decoding=\"async\" class=\"aligncenter size-full wp-image-1505\" src=\"https:\/\/www.felixdevega.com\/wp-content\/uploads\/2017\/07\/12-fdv_1945.jpg\" alt=\"fotografia slubna warszawa\" width=\"1200\" height=\"801\" srcset=\"https:\/\/www.felixdevega.com\/wp-content\/uploads\/2017\/07\/12-fdv_1945.jpg 1200w, https:\/\/www.felixdevega.com\/wp-content\/uploads\/2017\/07\/12-fdv_1945-300x200.jpg 300w, https:\/\/www.felixdevega.com\/wp-content\/uploads\/2017\/07\/12-fdv_1945-900x601.jpg 900w\" sizes=\"(max-width: 1200px) 100vw, 1200px\" \/><img loading=\"lazy\" decoding=\"async\" class=\"aligncenter wp-image-1523 size-full\" src=\"http:\/\/felixdevega.com\/wp-content\/uploads\/2017\/07\/centrado2.gif\" alt=\"wedding photographer poland gif\" width=\"1200\" height=\"786\" \/><img loading=\"lazy\" decoding=\"async\" class=\"aligncenter size-full wp-image-1480\" src=\"https:\/\/www.felixdevega.com\/wp-content\/uploads\/2017\/07\/15-fdv_1579.jpg\" alt=\"wedding photographer poland\" width=\"1200\" height=\"801\" srcset=\"https:\/\/www.felixdevega.com\/wp-content\/uploads\/2017\/07\/15-fdv_1579.jpg 1200w, https:\/\/www.felixdevega.com\/wp-content\/uploads\/2017\/07\/15-fdv_1579-300x200.jpg 300w, https:\/\/www.felixdevega.com\/wp-content\/uploads\/2017\/07\/15-fdv_1579-900x601.jpg 900w\" sizes=\"(max-width: 1200px) 100vw, 1200px\" \/><img loading=\"lazy\" decoding=\"async\" class=\"aligncenter size-full wp-image-1481\" src=\"https:\/\/www.felixdevega.com\/wp-content\/uploads\/2017\/07\/16-fdv_1585.jpg\" alt=\"wedding photographer poland\" width=\"1200\" height=\"801\" srcset=\"https:\/\/www.felixdevega.com\/wp-content\/uploads\/2017\/07\/16-fdv_1585.jpg 1200w, https:\/\/www.felixdevega.com\/wp-content\/uploads\/2017\/07\/16-fdv_1585-300x200.jpg 300w, https:\/\/www.felixdevega.com\/wp-content\/uploads\/2017\/07\/16-fdv_1585-900x601.jpg 900w\" sizes=\"(max-width: 1200px) 100vw, 1200px\" \/><img loading=\"lazy\" decoding=\"async\" class=\"aligncenter size-full wp-image-1482\" src=\"https:\/\/www.felixdevega.com\/wp-content\/uploads\/2017\/07\/17-fdv_1570-editar.jpg\" alt=\"wedding photographer poland\" width=\"1200\" height=\"801\" srcset=\"https:\/\/www.felixdevega.com\/wp-content\/uploads\/2017\/07\/17-fdv_1570-editar.jpg 1200w, https:\/\/www.felixdevega.com\/wp-content\/uploads\/2017\/07\/17-fdv_1570-editar-300x200.jpg 300w, https:\/\/www.felixdevega.com\/wp-content\/uploads\/2017\/07\/17-fdv_1570-editar-900x601.jpg 900w\" sizes=\"(max-width: 1200px) 100vw, 1200px\" \/><img loading=\"lazy\" decoding=\"async\" class=\"aligncenter size-full wp-image-1483\" src=\"https:\/\/www.felixdevega.com\/wp-content\/uploads\/2017\/07\/18-fdv_1942-editar.jpg\" alt=\"wedding photographer poland\" width=\"1200\" height=\"341\" srcset=\"https:\/\/www.felixdevega.com\/wp-content\/uploads\/2017\/07\/18-fdv_1942-editar.jpg 1200w, https:\/\/www.felixdevega.com\/wp-content\/uploads\/2017\/07\/18-fdv_1942-editar-300x85.jpg 300w, https:\/\/www.felixdevega.com\/wp-content\/uploads\/2017\/07\/18-fdv_1942-editar-900x256.jpg 900w\" sizes=\"(max-width: 1200px) 100vw, 1200px\" \/><img loading=\"lazy\" decoding=\"async\" class=\"aligncenter size-full wp-image-1484\" src=\"https:\/\/www.felixdevega.com\/wp-content\/uploads\/2017\/07\/19-fdv_1718.jpg\" alt=\"wedding photographer poland\" width=\"1200\" height=\"801\" srcset=\"https:\/\/www.felixdevega.com\/wp-content\/uploads\/2017\/07\/19-fdv_1718.jpg 1200w, https:\/\/www.felixdevega.com\/wp-content\/uploads\/2017\/07\/19-fdv_1718-300x200.jpg 300w, https:\/\/www.felixdevega.com\/wp-content\/uploads\/2017\/07\/19-fdv_1718-900x601.jpg 900w\" sizes=\"(max-width: 1200px) 100vw, 1200px\" \/><img loading=\"lazy\" decoding=\"async\" class=\"aligncenter size-full wp-image-1485\" src=\"https:\/\/www.felixdevega.com\/wp-content\/uploads\/2017\/07\/20-fdv_1611.jpg\" alt=\"wedding photographer poland\" width=\"1200\" height=\"801\" srcset=\"https:\/\/www.felixdevega.com\/wp-content\/uploads\/2017\/07\/20-fdv_1611.jpg 1200w, https:\/\/www.felixdevega.com\/wp-content\/uploads\/2017\/07\/20-fdv_1611-300x200.jpg 300w, https:\/\/www.felixdevega.com\/wp-content\/uploads\/2017\/07\/20-fdv_1611-900x601.jpg 900w\" sizes=\"(max-width: 1200px) 100vw, 1200px\" \/><img loading=\"lazy\" decoding=\"async\" class=\"aligncenter size-full wp-image-1500\" src=\"https:\/\/www.felixdevega.com\/wp-content\/uploads\/2017\/07\/09-fdv_1696.jpg\" alt=\"wedding photographer poland\" width=\"1200\" height=\"801\" srcset=\"https:\/\/www.felixdevega.com\/wp-content\/uploads\/2017\/07\/09-fdv_1696.jpg 1200w, https:\/\/www.felixdevega.com\/wp-content\/uploads\/2017\/07\/09-fdv_1696-300x200.jpg 300w, https:\/\/www.felixdevega.com\/wp-content\/uploads\/2017\/07\/09-fdv_1696-900x601.jpg 900w\" sizes=\"(max-width: 1200px) 100vw, 1200px\" \/><img loading=\"lazy\" decoding=\"async\" class=\"aligncenter size-full wp-image-1486\" src=\"https:\/\/www.felixdevega.com\/wp-content\/uploads\/2017\/07\/21-fdv_1644.jpg\" alt=\"wedding photographer poland\" width=\"1200\" height=\"801\" srcset=\"https:\/\/www.felixdevega.com\/wp-content\/uploads\/2017\/07\/21-fdv_1644.jpg 1200w, https:\/\/www.felixdevega.com\/wp-content\/uploads\/2017\/07\/21-fdv_1644-300x200.jpg 300w, https:\/\/www.felixdevega.com\/wp-content\/uploads\/2017\/07\/21-fdv_1644-900x601.jpg 900w\" sizes=\"(max-width: 1200px) 100vw, 1200px\" \/><img loading=\"lazy\" decoding=\"async\" class=\"aligncenter size-full wp-image-1487\" src=\"https:\/\/www.felixdevega.com\/wp-content\/uploads\/2017\/07\/22-fdv_1652.jpg\" alt=\"wedding photographer poland\" width=\"1200\" height=\"801\" srcset=\"https:\/\/www.felixdevega.com\/wp-content\/uploads\/2017\/07\/22-fdv_1652.jpg 1200w, https:\/\/www.felixdevega.com\/wp-content\/uploads\/2017\/07\/22-fdv_1652-300x200.jpg 300w, https:\/\/www.felixdevega.com\/wp-content\/uploads\/2017\/07\/22-fdv_1652-900x601.jpg 900w\" sizes=\"(max-width: 1200px) 100vw, 1200px\" \/><img loading=\"lazy\" decoding=\"async\" class=\"aligncenter size-full wp-image-1516\" src=\"https:\/\/www.felixdevega.com\/wp-content\/uploads\/2017\/07\/fdv_1876-2.jpg\" alt=\"\" width=\"1200\" height=\"801\" srcset=\"https:\/\/www.felixdevega.com\/wp-content\/uploads\/2017\/07\/fdv_1876-2.jpg 1200w, https:\/\/www.felixdevega.com\/wp-content\/uploads\/2017\/07\/fdv_1876-2-300x200.jpg 300w, https:\/\/www.felixdevega.com\/wp-content\/uploads\/2017\/07\/fdv_1876-2-900x601.jpg 900w\" sizes=\"(max-width: 1200px) 100vw, 1200px\" \/><\/p>\n<p style=\"text-align: center;\"><span style=\"color: #808080;\">\u00a9 all images F\u00e9lix de Vega<\/span><\/p>\n<p style=\"text-align: center;\">&#8212;<\/p>\n<p style=\"text-align: center;\"><span style=\"font-size: 12pt; color: #000000;\"><strong>Would you like to book a photo session?<\/strong><\/span><\/p>\n<p style=\"text-align: center;\"><span style=\"color: #808080;\">Please contact with me:<\/span><\/p>\n<p style=\"text-align: center;\"><span style=\"font-size: 12pt; color: #808080;\"><strong><a style=\"color: #808080;\" href=\"https:\/\/www.felixdevega.com\/contact\/\" target=\"_blank\" rel=\"noopener noreferrer\">info@felixdevega.com<\/a><\/strong><\/span><\/p>\n<p style=\"text-align: center;\"><span style=\"color: #808080;\">tel. +48 511 579 346<\/span><\/p>\n<p style=\"text-align: center;\"><span style=\"color: #808080;\">Let\u00b4s do something beautiful together!<\/span><\/p>\n","protected":false},"excerpt":{"rendered":"<p>Karolina &amp; Maciek &#8211; La puerta de Tannh\u00e4user &nbsp; He visto cosas que vosotros no creer\u00edais. Naves de ataque en llamas m\u00e1s all\u00e1 de Ori\u00f3n. He visto rayos-C brillar en la oscuridad cerca de la Puerta de Tannh\u00e4user. Todos esos momentos se perder\u00e1n&#8230; en el tiempo&#8230; como l\u00e1grimas en la lluvia.\u00a0 &nbsp; Esta sesi\u00f3n es un poco diferente de lo que normalmente se puede ver en mi blog. Es posible que ya conozcas a Karolina y Maciek. Colabor\u00e9 con ellos durante su sesi\u00f3n de bodas. Sin embargo, esta vez nos reunimos con un prop\u00f3sito ligeramente diferente. Algunos de ustedes probablemente ya adivinen cu\u00e1l es el tema de esta sesi\u00f3n de fotos: la inspiraci\u00f3n fue una de las pel\u00edculas favoritas de Karolina y Maciek, la pelicula de culto de ciencia ficci\u00f3n de 1982 con Harrison Ford. Si, se trata de Blade Runner. Debo admitir que tambi\u00e9n soy un gran admirador, esta pel\u00edcula es una verdadera obra maestra, uno de los mejores proyectos dirigidos por Ridley Scott. Cada fotograma de la pel\u00edcula es perfecto, lo que explica por qu\u00e9 esta pel\u00edcula es una gran inspiraci\u00f3n para m\u00ed como fot\u00f3grafo. La sesi\u00f3n de fotos tuvo lugar en una antigua f\u00e1brica abandonada. Usamos luz artificial, filtros y humo para dar a\u00fan m\u00e1s de esta incre\u00edble atm\u00f3sfera de la pel\u00edcula. Esta sesi\u00f3n de fotos fue un gran desaf\u00edo para m\u00ed, especialmente debido a la luz: en la pel\u00edcula nunca se puede ver el sol o la luz natural. Disparar en tales condiciones fue una verdadera prueba de fuerza. Karolina y Maciek cooperaron valientemente, a menudo sugiriendo sus propias ideas interesantes. Aparecen elementos simb\u00f3licos en las im\u00e1genes, que se mostraban en la pel\u00edcula, como las cerillas y los primeros planos del ojo caracter\u00edsticos. Esta sesi\u00f3n de fotos fue una experiencia incre\u00edble para m\u00ed, un gran desaf\u00edo, pero tambi\u00e9n una alegr\u00eda por participar en un proyecto tan creativo. \u00bfAlguna vez se pregunt\u00f3 qu\u00e9 pasar\u00eda si los tres admiradores m\u00e1s grandes de Blade Runner se encontraran en un s\u00f3tano abandonado? \u00a1Los efectos de esta reuni\u00f3n se pueden ver a continuaci\u00f3n! Music: Perturbator &#8211; Femme fatale \u00a9 all images F\u00e9lix de Vega &#8212; Would you like to book a photo session? Please contact with me: info@felixdevega.com tel. +48 511 579 346 Let\u00b4s do something beautiful together!<\/p>\n","protected":false},"author":1,"featured_media":5780,"parent":0,"menu_order":0,"comment_status":"open","ping_status":"closed","template":"","meta":{"footnotes":""},"tags":[758,756],"class_list":["post-8379","page","type-page","status-publish","has-post-thumbnail","hentry","tag-boda","tag-wedding"],"blocksy_meta":{"styles_descriptor":{"styles":{"desktop":"","tablet":"","mobile":""},"google_fonts":[],"version":6}},"_links":{"self":[{"href":"https:\/\/www.felixdevega.com\/es\/wp-json\/wp\/v2\/pages\/8379","targetHints":{"allow":["GET"]}}],"collection":[{"href":"https:\/\/www.felixdevega.com\/es\/wp-json\/wp\/v2\/pages"}],"about":[{"href":"https:\/\/www.felixdevega.com\/es\/wp-json\/wp\/v2\/types\/page"}],"author":[{"embeddable":true,"href":"https:\/\/www.felixdevega.com\/es\/wp-json\/wp\/v2\/users\/1"}],"replies":[{"embeddable":true,"href":"https:\/\/www.felixdevega.com\/es\/wp-json\/wp\/v2\/comments?post=8379"}],"version-history":[{"count":1,"href":"https:\/\/www.felixdevega.com\/es\/wp-json\/wp\/v2\/pages\/8379\/revisions"}],"predecessor-version":[{"id":23284,"href":"https:\/\/www.felixdevega.com\/es\/wp-json\/wp\/v2\/pages\/8379\/revisions\/23284"}],"wp:featuredmedia":[{"embeddable":true,"href":"https:\/\/www.felixdevega.com\/es\/wp-json\/wp\/v2\/media\/5780"}],"wp:attachment":[{"href":"https:\/\/www.felixdevega.com\/es\/wp-json\/wp\/v2\/media?parent=8379"}],"wp:term":[{"taxonomy":"post_tag","embeddable":true,"href":"https:\/\/www.felixdevega.com\/es\/wp-json\/wp\/v2\/tags?post=8379"}],"curies":[{"name":"wp","href":"https:\/\/api.w.org\/{rel}","templated":true}]}}