{"id":28471,"date":"2025-02-24T16:08:46","date_gmt":"2025-02-24T15:08:46","guid":{"rendered":"https:\/\/www.felixdevega.com\/privacy-policy\/"},"modified":"2025-02-24T16:54:18","modified_gmt":"2025-02-24T15:54:18","slug":"privacy-policy","status":"publish","type":"page","link":"https:\/\/www.felixdevega.com\/es\/privacy-policy\/","title":{"rendered":"Pol\u00edtica de privacidad"},"content":{"rendered":"\n<h2 class=\"wp-block-heading\">Pol\u00edtica de privacidad:<\/h2>\n\n\n\n<p>Bienvenido a felixdevega.com. Estamos comprometidos a proteger su informaci\u00f3n personal y su derecho a la privacidad. Si tiene alguna pregunta o dudas sobre nuestra pol\u00edtica o nuestras pr\u00e1cticas con respecto a su informaci\u00f3n personal, cont\u00e1ctenos en <strong>info@felixdevega.com<\/strong><\/p>\n\n\n\n<p><strong>Informaci\u00f3n que recopilamos<\/strong>: Recopilamos informaci\u00f3n personal que usted nos proporciona, como su nombre, direcci\u00f3n, informaci\u00f3n de contacto, contrase\u00f1as y datos de seguridad, e informaci\u00f3n de pago. Tambi\u00e9n recopilamos informaci\u00f3n autom\u00e1ticamente, como su direcci\u00f3n IP, tipo de navegador, sistema operativo y datos de uso.<\/p>\n\n\n\n<p><strong>C\u00f3mo utilizamos su informaci\u00f3n<\/strong>: Utilizamos la informaci\u00f3n que recopilamos de varias maneras, para:<\/p>\n\n\n\n<ul class=\"wp-block-list\">\n<li>Proporcionar, operar y mantener nuestro sitio web.<\/li>\n\n\n\n<li>Mejorar, personalizar y ampliar nuestro sitio web<\/li>\n\n\n\n<li>Comprender y analizar c\u00f3mo utiliza nuestro sitio web<\/li>\n\n\n\n<li>Desarrollar nuevos productos, servicios, caracter\u00edsticas y funcionalidades.<\/li>\n\n\n\n<li>Comunicarnos con usted, ya sea directamente o a trav\u00e9s de uno de nuestros socios, incluso para servicio al cliente, para brindarle actualizaciones y otra informaci\u00f3n relacionada con el sitio web y con fines promocionales y de marketing.<\/li>\n\n\n\n<li>Procesar sus transacciones y gestionar sus pedidos<\/li>\n\n\n\n<li>Encontrar y prevenir el fraude<\/li>\n<\/ul>\n\n\n\n<p><\/p>\n\n\n\n<p><strong>Bases legales para procesar su informaci\u00f3n<\/strong>: Seg\u00fan el Reglamento general de protecci\u00f3n de datos <strong>(UE) 2016\/679 GDPR<\/strong>, debemos tener una base legal para procesar sus datos personales. Nos basamos en las siguientes bases legales:<\/p>\n\n\n\n<ul class=\"wp-block-list\">\n<li>Su consentimiento<\/li>\n\n\n\n<li>La ejecuci\u00f3n de un contrato<\/li>\n\n\n\n<li>Cumplimiento de obligaciones legales<\/li>\n\n\n\n<li>Intereses leg\u00edtimos<\/li>\n<\/ul>\n\n\n\n<p><\/p>\n\n\n\n<p><strong>Compartir su informaci\u00f3n. <\/strong> Podemos compartir su informaci\u00f3n con terceros en las siguientes situaciones:<\/p>\n\n\n\n<ul class=\"wp-block-list\">\n<li>Con su consentimiento<\/li>\n\n\n\n<li>Por motivos legales (p. ej., cumplimiento de leyes, regulaciones, procesos legales o solicitudes gubernamentales aplicables)<\/li>\n\n\n\n<li>Con proveedores de servicios que nos ayudan a operar nuestro sitio web, realizar nuestro negocio o atender a nuestros usuarios, siempre que dichas partes acepten mantener esta informaci\u00f3n confidencial.<\/li>\n<\/ul>\n\n\n\n<p><\/p>\n\n\n\n<p><strong>Seguridad de su informaci\u00f3n.<\/strong>  Utilizamos medidas de seguridad administrativas, t\u00e9cnicas y f\u00edsicas para ayudar a proteger su informaci\u00f3n personal. Sin embargo, ning\u00fan m\u00e9todo de transmisi\u00f3n a trav\u00e9s de Internet o m\u00e9todo de almacenamiento electr\u00f3nico es 100% seguro y no podemos garantizar su seguridad absoluta.<\/p>\n\n\n\n<p><strong>Sus derechos de protecci\u00f3n de datos.<\/strong>  Dependiendo de su ubicaci\u00f3n, puede tener los siguientes derechos seg\u00fan el RGPD:<\/p>\n\n\n\n<ul class=\"wp-block-list\">\n<li>El derecho de acceso \u2013 Tiene derecho a solicitar copias de sus datos personales.<\/li>\n\n\n\n<li>Derecho a rectificaci\u00f3n: tiene derecho a solicitar que corrijamos cualquier informaci\u00f3n que crea que es inexacta o que completemos la informaci\u00f3n que crea que est\u00e1 incompleta.<\/li>\n\n\n\n<li>El derecho de eliminaci\u00f3n: tiene derecho a solicitar que eliminemos sus datos personales, bajo ciertas condiciones.<\/li>\n\n\n\n<li>El derecho a restringir el procesamiento: tiene derecho a solicitar que restrinjamos el procesamiento de sus datos personales, bajo ciertas condiciones.<\/li>\n\n\n\n<li>El derecho a oponerse al procesamiento: tiene derecho a oponerse a nuestro procesamiento de sus datos personales, bajo ciertas condiciones.<\/li>\n\n\n\n<li>El derecho a la portabilidad de los datos: tiene derecho a solicitar que transfiramos los datos que hemos recopilado a otra organizaci\u00f3n, o directamente a usted, bajo ciertas condiciones.<\/li>\n<\/ul>\n\n\n\n<p><\/p>\n\n\n\n<p><strong>Cambios a esta Pol\u00edtica de Privacidad. <\/strong> Podemos actualizar nuestra Pol\u00edtica de Privacidad de vez en cuando. Le notificaremos cualquier cambio publicando la nueva Pol\u00edtica de Privacidad en esta p\u00e1gina. Se le recomienda revisar esta Pol\u00edtica de Privacidad peri\u00f3dicamente para detectar cualquier cambio.<\/p>\n\n\n\n<p><strong>Cont\u00e1ctenos<\/strong>.  Si tiene alguna pregunta sobre esta Pol\u00edtica de Privacidad, cont\u00e1ctenos en info@felixdevega.com<\/p>\n\n\n\n<p><\/p>\n","protected":false},"excerpt":{"rendered":"<p>Pol\u00edtica de privacidad: Bienvenido a felixdevega.com. Estamos comprometidos a proteger su informaci\u00f3n personal y su derecho a la privacidad. Si tiene alguna pregunta o dudas sobre nuestra pol\u00edtica o nuestras pr\u00e1cticas con respecto a su informaci\u00f3n personal, cont\u00e1ctenos en info@felixdevega.com Informaci\u00f3n que recopilamos: Recopilamos informaci\u00f3n personal que usted nos proporciona, como su nombre, direcci\u00f3n, informaci\u00f3n de contacto, contrase\u00f1as y datos de seguridad, e informaci\u00f3n de pago. Tambi\u00e9n recopilamos informaci\u00f3n autom\u00e1ticamente, como su direcci\u00f3n IP, tipo de navegador, sistema operativo y datos de uso. C\u00f3mo utilizamos su informaci\u00f3n: Utilizamos la informaci\u00f3n que recopilamos de varias maneras, para: Bases legales para procesar su informaci\u00f3n: Seg\u00fan el Reglamento general de protecci\u00f3n de datos (UE) 2016\/679 GDPR, debemos tener una base legal para procesar sus datos personales. Nos basamos en las siguientes bases legales: Compartir su informaci\u00f3n. Podemos compartir su informaci\u00f3n con terceros en las siguientes situaciones: Seguridad de su informaci\u00f3n. Utilizamos medidas de seguridad administrativas, t\u00e9cnicas y f\u00edsicas para ayudar a proteger su informaci\u00f3n personal. Sin embargo, ning\u00fan m\u00e9todo de transmisi\u00f3n a trav\u00e9s de Internet o m\u00e9todo de almacenamiento electr\u00f3nico es 100% seguro y no podemos garantizar su seguridad absoluta. Sus derechos de protecci\u00f3n de datos. Dependiendo de su ubicaci\u00f3n, puede tener los siguientes derechos seg\u00fan el RGPD: Cambios a esta Pol\u00edtica de Privacidad. Podemos actualizar nuestra Pol\u00edtica de Privacidad de vez en cuando. Le notificaremos cualquier cambio publicando la nueva Pol\u00edtica de Privacidad en esta p\u00e1gina. Se le recomienda revisar esta Pol\u00edtica de Privacidad peri\u00f3dicamente para detectar cualquier cambio. Cont\u00e1ctenos. Si tiene alguna pregunta sobre esta Pol\u00edtica de Privacidad, cont\u00e1ctenos en info@felixdevega.com<\/p>\n","protected":false},"author":1,"featured_media":5538,"parent":0,"menu_order":0,"comment_status":"closed","ping_status":"closed","template":"","meta":{"footnotes":""},"tags":[],"class_list":["post-28471","page","type-page","status-publish","has-post-thumbnail","hentry"],"blocksy_meta":[],"_links":{"self":[{"href":"https:\/\/www.felixdevega.com\/es\/wp-json\/wp\/v2\/pages\/28471","targetHints":{"allow":["GET"]}}],"collection":[{"href":"https:\/\/www.felixdevega.com\/es\/wp-json\/wp\/v2\/pages"}],"about":[{"href":"https:\/\/www.felixdevega.com\/es\/wp-json\/wp\/v2\/types\/page"}],"author":[{"embeddable":true,"href":"https:\/\/www.felixdevega.com\/es\/wp-json\/wp\/v2\/users\/1"}],"replies":[{"embeddable":true,"href":"https:\/\/www.felixdevega.com\/es\/wp-json\/wp\/v2\/comments?post=28471"}],"version-history":[{"count":2,"href":"https:\/\/www.felixdevega.com\/es\/wp-json\/wp\/v2\/pages\/28471\/revisions"}],"predecessor-version":[{"id":28480,"href":"https:\/\/www.felixdevega.com\/es\/wp-json\/wp\/v2\/pages\/28471\/revisions\/28480"}],"wp:featuredmedia":[{"embeddable":true,"href":"https:\/\/www.felixdevega.com\/es\/wp-json\/wp\/v2\/media\/5538"}],"wp:attachment":[{"href":"https:\/\/www.felixdevega.com\/es\/wp-json\/wp\/v2\/media?parent=28471"}],"wp:term":[{"taxonomy":"post_tag","embeddable":true,"href":"https:\/\/www.felixdevega.com\/es\/wp-json\/wp\/v2\/tags?post=28471"}],"curies":[{"name":"wp","href":"https:\/\/api.w.org\/{rel}","templated":true}]}}