{"id":21830,"date":"2024-08-08T14:49:48","date_gmt":"2024-08-08T12:49:48","guid":{"rendered":"https:\/\/www.felixdevega.com\/?page_id=21830"},"modified":"2025-02-13T19:19:29","modified_gmt":"2025-02-13T18:19:29","slug":"informacion","status":"publish","type":"page","link":"https:\/\/www.felixdevega.com\/es\/informacion\/","title":{"rendered":"Informaci\u00f3n"},"content":{"rendered":"\t\t<div data-elementor-type=\"wp-page\" data-elementor-id=\"21830\" class=\"elementor elementor-21830 elementor-13017\" data-elementor-post-type=\"page\">\n\t\t\t\t\t\t<section class=\"elementor-section elementor-top-section elementor-element elementor-element-73f146e9 elementor-section-content-middle elementor-section-boxed elementor-section-height-default elementor-section-height-default wpr-particle-no wpr-sticky-section-no wpr-equal-height-no\" data-id=\"73f146e9\" data-element_type=\"section\" data-e-type=\"section\">\n\t\t\t\t\t\t<div class=\"elementor-container elementor-column-gap-no\">\n\t\t\t\t\t<div class=\"elementor-column elementor-col-100 elementor-top-column elementor-element elementor-element-39307571\" data-id=\"39307571\" data-element_type=\"column\" data-e-type=\"column\">\n\t\t\t<div class=\"elementor-widget-wrap elementor-element-populated\">\n\t\t\t\t\t\t<div class=\"elementor-element elementor-element-78f75f3a elementor-widget elementor-widget-heading\" data-id=\"78f75f3a\" data-element_type=\"widget\" data-e-type=\"widget\" data-widget_type=\"heading.default\">\n\t\t\t\t<div class=\"elementor-widget-container\">\n\t\t\t\t\t<p class=\"elementor-heading-title elementor-size-default\">Informaci\u00f3n pr\u00e1ctica<\/p>\t\t\t\t<\/div>\n\t\t\t\t<\/div>\n\t\t\t\t<section class=\"elementor-section elementor-inner-section elementor-element elementor-element-2dfc05a9 elementor-section-content-middle elementor-section-boxed elementor-section-height-default elementor-section-height-default wpr-particle-no wpr-sticky-section-no wpr-equal-height-no\" data-id=\"2dfc05a9\" data-element_type=\"section\" data-e-type=\"section\">\n\t\t\t\t\t\t<div class=\"elementor-container elementor-column-gap-no\">\n\t\t\t\t\t<div class=\"elementor-column elementor-col-50 elementor-inner-column elementor-element elementor-element-4cbc5529\" data-id=\"4cbc5529\" data-element_type=\"column\" data-e-type=\"column\">\n\t\t\t<div class=\"elementor-widget-wrap elementor-element-populated\">\n\t\t\t\t\t\t<div class=\"elementor-element elementor-element-7cea8de5 elementor-position-top elementor-widget elementor-widget-image-box\" data-id=\"7cea8de5\" data-element_type=\"widget\" data-e-type=\"widget\" data-widget_type=\"image-box.default\">\n\t\t\t\t<div class=\"elementor-widget-container\">\n\t\t\t\t\t<div class=\"elementor-image-box-wrapper\"><figure class=\"elementor-image-box-img\"><a href=\"https:\/\/www.felixdevega.com\/es\/faq\/\" tabindex=\"-1\"><img fetchpriority=\"high\" decoding=\"async\" width=\"2048\" height=\"1367\" src=\"https:\/\/www.felixdevega.com\/wp-content\/uploads\/2023\/02\/Paulina_Pedro-393-2048x.jpg\" class=\"attachment-full size-full wp-image-13286\" alt=\"humanist wedding - Dworzyszcze Wola\" srcset=\"https:\/\/www.felixdevega.com\/wp-content\/uploads\/2023\/02\/Paulina_Pedro-393-2048x.jpg 2048w, https:\/\/www.felixdevega.com\/wp-content\/uploads\/2023\/02\/Paulina_Pedro-393-2048x-750x501.jpg 750w, https:\/\/www.felixdevega.com\/wp-content\/uploads\/2023\/02\/Paulina_Pedro-393-2048x-1290x861.jpg 1290w, https:\/\/www.felixdevega.com\/wp-content\/uploads\/2023\/02\/Paulina_Pedro-393-2048x-1536x1025.jpg 1536w, https:\/\/www.felixdevega.com\/wp-content\/uploads\/2023\/02\/Paulina_Pedro-393-2048x-1200x800.jpg 1200w\" sizes=\"(max-width: 2048px) 100vw, 2048px\" \/><\/a><\/figure><div class=\"elementor-image-box-content\"><p class=\"elementor-image-box-title\"><a href=\"https:\/\/www.felixdevega.com\/es\/faq\/\">FAQ<\/a><\/p><p class=\"elementor-image-box-description\">Preguntas mas frecuentes<\/p><\/div><\/div>\t\t\t\t<\/div>\n\t\t\t\t<\/div>\n\t\t\t\t\t<\/div>\n\t\t<\/div>\n\t\t\t\t<div class=\"elementor-column elementor-col-50 elementor-inner-column elementor-element elementor-element-ba67379\" data-id=\"ba67379\" data-element_type=\"column\" data-e-type=\"column\">\n\t\t\t<div class=\"elementor-widget-wrap elementor-element-populated\">\n\t\t\t\t\t\t<div class=\"elementor-element elementor-element-37bbd800 elementor-position-top elementor-widget elementor-widget-image-box\" data-id=\"37bbd800\" data-element_type=\"widget\" data-e-type=\"widget\" data-widget_type=\"image-box.default\">\n\t\t\t\t<div class=\"elementor-widget-container\">\n\t\t\t\t\t<div class=\"elementor-image-box-wrapper\"><figure class=\"elementor-image-box-img\"><a href=\"https:\/\/www.felixdevega.com\/es\/videos-de-boda\/\" tabindex=\"-1\"><img decoding=\"async\" width=\"2048\" height=\"1367\" src=\"https:\/\/www.felixdevega.com\/wp-content\/uploads\/2023\/02\/Caroline_Patrick-40.jpg\" class=\"attachment-full size-full wp-image-13280\" alt=\"French Indian wedding in Poland\" srcset=\"https:\/\/www.felixdevega.com\/wp-content\/uploads\/2023\/02\/Caroline_Patrick-40.jpg 2048w, https:\/\/www.felixdevega.com\/wp-content\/uploads\/2023\/02\/Caroline_Patrick-40-750x501.jpg 750w, https:\/\/www.felixdevega.com\/wp-content\/uploads\/2023\/02\/Caroline_Patrick-40-1290x861.jpg 1290w, https:\/\/www.felixdevega.com\/wp-content\/uploads\/2023\/02\/Caroline_Patrick-40-1536x1025.jpg 1536w, https:\/\/www.felixdevega.com\/wp-content\/uploads\/2023\/02\/Caroline_Patrick-40-1200x800.jpg 1200w\" sizes=\"(max-width: 2048px) 100vw, 2048px\" \/><\/a><\/figure><div class=\"elementor-image-box-content\"><p class=\"elementor-image-box-title\"><a href=\"https:\/\/www.felixdevega.com\/es\/videos-de-boda\/\">Videos de Boda<\/a><\/p><p class=\"elementor-image-box-description\">videos de boda que emocionan<\/p><\/div><\/div>\t\t\t\t<\/div>\n\t\t\t\t<\/div>\n\t\t\t\t\t<\/div>\n\t\t<\/div>\n\t\t\t\t\t<\/div>\n\t\t<\/section>\n\t\t\t\t<section class=\"elementor-section elementor-inner-section elementor-element elementor-element-6be45d7e elementor-section-content-middle elementor-section-boxed elementor-section-height-default elementor-section-height-default wpr-particle-no wpr-sticky-section-no wpr-equal-height-no\" data-id=\"6be45d7e\" data-element_type=\"section\" data-e-type=\"section\">\n\t\t\t\t\t\t<div class=\"elementor-container elementor-column-gap-no\">\n\t\t\t\t\t<div class=\"elementor-column elementor-col-50 elementor-inner-column elementor-element elementor-element-4fa853ca\" data-id=\"4fa853ca\" data-element_type=\"column\" data-e-type=\"column\">\n\t\t\t<div class=\"elementor-widget-wrap elementor-element-populated\">\n\t\t\t\t\t\t<div class=\"elementor-element elementor-element-1369754a elementor-position-top elementor-widget elementor-widget-image-box\" data-id=\"1369754a\" data-element_type=\"widget\" data-e-type=\"widget\" data-widget_type=\"image-box.default\">\n\t\t\t\t<div class=\"elementor-widget-container\">\n\t\t\t\t\t<div class=\"elementor-image-box-wrapper\"><figure class=\"elementor-image-box-img\"><a href=\"https:\/\/www.felixdevega.com\/es\/workshops\/\" tabindex=\"-1\"><img decoding=\"async\" width=\"1920\" height=\"1282\" src=\"https:\/\/www.felixdevega.com\/wp-content\/uploads\/2017\/02\/berlin-elopement-samesex-wedding.jpg\" class=\"attachment-full size-full wp-image-9249\" alt=\"\" srcset=\"https:\/\/www.felixdevega.com\/wp-content\/uploads\/2017\/02\/berlin-elopement-samesex-wedding.jpg 1920w, https:\/\/www.felixdevega.com\/wp-content\/uploads\/2017\/02\/berlin-elopement-samesex-wedding-300x200.jpg 300w, https:\/\/www.felixdevega.com\/wp-content\/uploads\/2017\/02\/berlin-elopement-samesex-wedding-1000x668.jpg 1000w, https:\/\/www.felixdevega.com\/wp-content\/uploads\/2017\/02\/berlin-elopement-samesex-wedding-1536x1026.jpg 1536w, https:\/\/www.felixdevega.com\/wp-content\/uploads\/2017\/02\/berlin-elopement-samesex-wedding-272x182.jpg 272w\" sizes=\"(max-width: 1920px) 100vw, 1920px\" \/><\/a><\/figure><div class=\"elementor-image-box-content\"><p class=\"elementor-image-box-title\"><a href=\"https:\/\/www.felixdevega.com\/es\/workshops\/\">Talleres de fotograf\u00eda de bodas<\/a><\/p><p class=\"elementor-image-box-description\">Talleres para fot\u00f3grafos<\/p><\/div><\/div>\t\t\t\t<\/div>\n\t\t\t\t<\/div>\n\t\t\t\t\t<\/div>\n\t\t<\/div>\n\t\t\t\t<div class=\"elementor-column elementor-col-50 elementor-inner-column elementor-element elementor-element-7d6bf6e2\" data-id=\"7d6bf6e2\" data-element_type=\"column\" data-e-type=\"column\">\n\t\t\t<div class=\"elementor-widget-wrap elementor-element-populated\">\n\t\t\t\t\t\t<div class=\"elementor-element elementor-element-59b17ac8 elementor-position-top elementor-widget elementor-widget-image-box\" data-id=\"59b17ac8\" data-element_type=\"widget\" data-e-type=\"widget\" data-widget_type=\"image-box.default\">\n\t\t\t\t<div class=\"elementor-widget-container\">\n\t\t\t\t\t<div class=\"elementor-image-box-wrapper\"><figure class=\"elementor-image-box-img\"><a href=\"https:\/\/www.felixdevega.com\/es\/resources-for-couples\/\" tabindex=\"-1\"><img loading=\"lazy\" decoding=\"async\" width=\"2048\" height=\"1367\" src=\"https:\/\/www.felixdevega.com\/wp-content\/uploads\/2021\/01\/FelixdeVega6.jpg\" class=\"attachment-full size-full wp-image-9812\" alt=\"Polish Brazilian wedding couple\" srcset=\"https:\/\/www.felixdevega.com\/wp-content\/uploads\/2021\/01\/FelixdeVega6.jpg 2048w, https:\/\/www.felixdevega.com\/wp-content\/uploads\/2021\/01\/FelixdeVega6-300x200.jpg 300w, https:\/\/www.felixdevega.com\/wp-content\/uploads\/2021\/01\/FelixdeVega6-1000x667.jpg 1000w, https:\/\/www.felixdevega.com\/wp-content\/uploads\/2021\/01\/FelixdeVega6-1536x1025.jpg 1536w, https:\/\/www.felixdevega.com\/wp-content\/uploads\/2021\/01\/FelixdeVega6-1200x800.jpg 1200w\" sizes=\"(max-width: 2048px) 100vw, 2048px\" \/><\/a><\/figure><div class=\"elementor-image-box-content\"><p class=\"elementor-image-box-title\"><a href=\"https:\/\/www.felixdevega.com\/es\/resources-for-couples\/\">Informaci\u00f3n y consejos<\/a><\/p><p class=\"elementor-image-box-description\">consejos pr\u00e1cticos para tu boda<\/p><\/div><\/div>\t\t\t\t<\/div>\n\t\t\t\t<\/div>\n\t\t\t\t\t<\/div>\n\t\t<\/div>\n\t\t\t\t\t<\/div>\n\t\t<\/section>\n\t\t\t\t\t<\/div>\n\t\t<\/div>\n\t\t\t\t\t<\/div>\n\t\t<\/section>\n\t\t\t\t<section class=\"elementor-section elementor-top-section elementor-element elementor-element-384c1d37 elementor-section-content-middle elementor-section-boxed elementor-section-height-default elementor-section-height-default wpr-particle-no wpr-sticky-section-no wpr-equal-height-no\" data-id=\"384c1d37\" data-element_type=\"section\" data-e-type=\"section\" data-settings=\"{&quot;background_background&quot;:&quot;classic&quot;}\">\n\t\t\t\t\t\t<div class=\"elementor-container elementor-column-gap-no\">\n\t\t\t\t\t<div class=\"elementor-column elementor-col-50 elementor-top-column elementor-element elementor-element-2d7f0f1b\" data-id=\"2d7f0f1b\" data-element_type=\"column\" data-e-type=\"column\">\n\t\t\t<div class=\"elementor-widget-wrap elementor-element-populated\">\n\t\t\t\t\t\t<div class=\"elementor-element elementor-element-1427c487 elementor-widget elementor-widget-heading\" data-id=\"1427c487\" data-element_type=\"widget\" data-e-type=\"widget\" data-widget_type=\"heading.default\">\n\t\t\t\t<div class=\"elementor-widget-container\">\n\t\t\t\t\t<p class=\"elementor-heading-title elementor-size-default\">Reserva tu fot\u00f3grafo de boda<\/p>\t\t\t\t<\/div>\n\t\t\t\t<\/div>\n\t\t\t\t<div class=\"elementor-element elementor-element-3a4de33b elementor-widget elementor-widget-text-editor\" data-id=\"3a4de33b\" data-element_type=\"widget\" data-e-type=\"widget\" data-widget_type=\"text-editor.default\">\n\t\t\t\t<div class=\"elementor-widget-container\">\n\t\t\t\t\t\t\t\t\t<p><b>Enviame un email, me encantar\u00e1 saber sobre tus planes de boda<\/b><\/p>\t\t\t\t\t\t\t\t<\/div>\n\t\t\t\t<\/div>\n\t\t\t\t<div class=\"elementor-element elementor-element-9075f27 elementor-widget elementor-widget-text-editor\" data-id=\"9075f27\" data-element_type=\"widget\" data-e-type=\"widget\" data-widget_type=\"text-editor.default\">\n\t\t\t\t<div class=\"elementor-widget-container\">\n\t\t\t\t\t\t\t\t\t<p><span style=\"font-family: Verdana, sans-serif; color: #999999;\">F\u00e9lix de Vega<\/span><\/p>\n<p><a href=\"mailto:info@felixdevega.com\"><span style=\"color: #999999;\">info@felixdevega.com<\/span><\/a><\/p>\n<p><span style=\"color: #999999;\">tel. <a href=\"tel:+34694291493\">+34 694 291 493<\/a><\/span><\/p>\n<p><span style=\"color: #999999;\">tel. <a href=\"tel:+48511579346\">+48 511 579 346<\/a><\/span><\/p>\n<p><span style=\"color: #999999;\">Warsaw |\u00a0 Barcelona<\/span><\/p>\t\t\t\t\t\t\t\t<\/div>\n\t\t\t\t<\/div>\n\t\t\t\t\t<\/div>\n\t\t<\/div>\n\t\t\t\t<div class=\"elementor-column elementor-col-50 elementor-top-column elementor-element elementor-element-45270bda\" data-id=\"45270bda\" data-element_type=\"column\" data-e-type=\"column\">\n\t\t\t<div class=\"elementor-widget-wrap elementor-element-populated\">\n\t\t\t\t\t\t<div class=\"elementor-element elementor-element-2dc63691 elementor-align-right elementor-mobile-align-left elementor-widget elementor-widget-button\" data-id=\"2dc63691\" data-element_type=\"widget\" data-e-type=\"widget\" data-widget_type=\"button.default\">\n\t\t\t\t<div class=\"elementor-widget-container\">\n\t\t\t\t\t\t\t\t\t<div class=\"elementor-button-wrapper\">\n\t\t\t\t\t<a class=\"elementor-button elementor-button-link elementor-size-sm elementor-animation-grow\" href=\"https:\/\/www.felixdevega.com\/es\/contacto\/\">\n\t\t\t\t\t\t<span class=\"elementor-button-content-wrapper\">\n\t\t\t\t\t\t\t\t\t<span class=\"elementor-button-text\">CONTACTO<\/span>\n\t\t\t\t\t<\/span>\n\t\t\t\t\t<\/a>\n\t\t\t\t<\/div>\n\t\t\t\t\t\t\t\t<\/div>\n\t\t\t\t<\/div>\n\t\t\t\t\t<\/div>\n\t\t<\/div>\n\t\t\t\t\t<\/div>\n\t\t<\/section>\n\t\t\t\t<\/div>\n\t\t","protected":false},"excerpt":{"rendered":"<p>Informaci\u00f3n pr\u00e1ctica FAQ Preguntas mas frecuentes Videos de Boda videos de boda que emocionan Talleres de fotograf\u00eda de bodas Talleres para fot\u00f3grafos Informaci\u00f3n y consejos consejos pr\u00e1cticos para tu boda Reserva tu fot\u00f3grafo de boda Enviame un email, me encantar\u00e1 saber sobre tus planes de boda F\u00e9lix de Vega info@felixdevega.com tel. +34 694 291 493 tel. +48 511 579 346 Warsaw |\u00a0 Barcelona CONTACTO<\/p>\n","protected":false},"author":1,"featured_media":13291,"parent":0,"menu_order":0,"comment_status":"closed","ping_status":"closed","template":"","meta":{"footnotes":""},"tags":[754],"class_list":["post-21830","page","type-page","status-publish","has-post-thumbnail","hentry","tag-no-boda"],"blocksy_meta":{"styles_descriptor":{"styles":{"desktop":"","tablet":"","mobile":""},"google_fonts":[],"version":6}},"_links":{"self":[{"href":"https:\/\/www.felixdevega.com\/es\/wp-json\/wp\/v2\/pages\/21830","targetHints":{"allow":["GET"]}}],"collection":[{"href":"https:\/\/www.felixdevega.com\/es\/wp-json\/wp\/v2\/pages"}],"about":[{"href":"https:\/\/www.felixdevega.com\/es\/wp-json\/wp\/v2\/types\/page"}],"author":[{"embeddable":true,"href":"https:\/\/www.felixdevega.com\/es\/wp-json\/wp\/v2\/users\/1"}],"replies":[{"embeddable":true,"href":"https:\/\/www.felixdevega.com\/es\/wp-json\/wp\/v2\/comments?post=21830"}],"version-history":[{"count":10,"href":"https:\/\/www.felixdevega.com\/es\/wp-json\/wp\/v2\/pages\/21830\/revisions"}],"predecessor-version":[{"id":28122,"href":"https:\/\/www.felixdevega.com\/es\/wp-json\/wp\/v2\/pages\/21830\/revisions\/28122"}],"wp:featuredmedia":[{"embeddable":true,"href":"https:\/\/www.felixdevega.com\/es\/wp-json\/wp\/v2\/media\/13291"}],"wp:attachment":[{"href":"https:\/\/www.felixdevega.com\/es\/wp-json\/wp\/v2\/media?parent=21830"}],"wp:term":[{"taxonomy":"post_tag","embeddable":true,"href":"https:\/\/www.felixdevega.com\/es\/wp-json\/wp\/v2\/tags?post=21830"}],"curies":[{"name":"wp","href":"https:\/\/api.w.org\/{rel}","templated":true}]}}