{"id":13009,"date":"2023-02-12T21:22:53","date_gmt":"2023-02-12T20:22:53","guid":{"rendered":"https:\/\/www.felixdevega.com\/?page_id=13009"},"modified":"2025-02-24T17:25:15","modified_gmt":"2025-02-24T16:25:15","slug":"resources-for-couples","status":"publish","type":"page","link":"https:\/\/www.felixdevega.com\/es\/resources-for-couples\/","title":{"rendered":"Informaci\u00f3n y consejos"},"content":{"rendered":"\t\t<div data-elementor-type=\"wp-page\" data-elementor-id=\"13009\" class=\"elementor elementor-13009 elementor-12929\" data-elementor-post-type=\"page\">\n\t\t\t\t\t\t<section class=\"elementor-section elementor-top-section elementor-element elementor-element-11376b17 elementor-section-content-middle elementor-section-boxed elementor-section-height-default elementor-section-height-default wpr-particle-no wpr-sticky-section-no wpr-equal-height-no\" data-id=\"11376b17\" data-element_type=\"section\" data-e-type=\"section\">\n\t\t\t\t\t\t<div class=\"elementor-container elementor-column-gap-no\">\n\t\t\t\t\t<div class=\"elementor-column elementor-col-100 elementor-top-column elementor-element elementor-element-96ddafb\" data-id=\"96ddafb\" data-element_type=\"column\" data-e-type=\"column\">\n\t\t\t<div class=\"elementor-widget-wrap elementor-element-populated\">\n\t\t\t\t\t\t<div class=\"elementor-element elementor-element-7105de1e elementor-widget elementor-widget-heading\" data-id=\"7105de1e\" data-element_type=\"widget\" data-e-type=\"widget\" data-widget_type=\"heading.default\">\n\t\t\t\t<div class=\"elementor-widget-container\">\n\t\t\t\t\t<p class=\"elementor-heading-title elementor-size-default\">Informaci\u00f3n y consejos<\/p>\t\t\t\t<\/div>\n\t\t\t\t<\/div>\n\t\t\t\t<section class=\"elementor-section elementor-inner-section elementor-element elementor-element-5a7e41b elementor-section-content-middle elementor-section-full_width elementor-section-height-default elementor-section-height-default wpr-particle-no wpr-sticky-section-no wpr-equal-height-no\" data-id=\"5a7e41b\" data-element_type=\"section\" data-e-type=\"section\">\n\t\t\t\t\t\t<div class=\"elementor-container elementor-column-gap-no\">\n\t\t\t\t\t<div class=\"elementor-column elementor-col-50 elementor-inner-column elementor-element elementor-element-b776674\" data-id=\"b776674\" data-element_type=\"column\" data-e-type=\"column\">\n\t\t\t<div class=\"elementor-widget-wrap elementor-element-populated\">\n\t\t\t\t\t\t<div class=\"elementor-element elementor-element-b516d8b elementor-widget elementor-widget-image\" data-id=\"b516d8b\" data-element_type=\"widget\" data-e-type=\"widget\" data-widget_type=\"image.default\">\n\t\t\t\t<div class=\"elementor-widget-container\">\n\t\t\t\t\t\t\t\t\t\t\t\t\t\t\t<img fetchpriority=\"high\" decoding=\"async\" width=\"1290\" height=\"861\" src=\"https:\/\/www.felixdevega.com\/wp-content\/uploads\/2023\/02\/marcin_salto-1290x861.jpg\" class=\"attachment-large size-large wp-image-12957\" alt=\"dj na wesele\" srcset=\"https:\/\/www.felixdevega.com\/wp-content\/uploads\/2023\/02\/marcin_salto-1290x861.jpg 1290w, https:\/\/www.felixdevega.com\/wp-content\/uploads\/2023\/02\/marcin_salto-750x501.jpg 750w, https:\/\/www.felixdevega.com\/wp-content\/uploads\/2023\/02\/marcin_salto-1536x1025.jpg 1536w, https:\/\/www.felixdevega.com\/wp-content\/uploads\/2023\/02\/marcin_salto-2048x1367.jpg 2048w, https:\/\/www.felixdevega.com\/wp-content\/uploads\/2023\/02\/marcin_salto-1200x800.jpg 1200w\" sizes=\"(max-width: 1290px) 100vw, 1290px\" \/>\t\t\t\t\t\t\t\t\t\t\t\t\t\t\t<\/div>\n\t\t\t\t<\/div>\n\t\t\t\t\t<\/div>\n\t\t<\/div>\n\t\t\t\t<div class=\"elementor-column elementor-col-50 elementor-inner-column elementor-element elementor-element-2f53325\" data-id=\"2f53325\" data-element_type=\"column\" data-e-type=\"column\">\n\t\t\t<div class=\"elementor-widget-wrap elementor-element-populated\">\n\t\t\t\t\t\t<div class=\"elementor-element elementor-element-1a93350 elementor-widget elementor-widget-heading\" data-id=\"1a93350\" data-element_type=\"widget\" data-e-type=\"widget\" data-widget_type=\"heading.default\">\n\t\t\t\t<div class=\"elementor-widget-container\">\n\t\t\t\t\t<h2 class=\"elementor-heading-title elementor-size-default\"><a href=\"https:\/\/www.felixdevega.com\/es\/post\/proveedores-para-bodas\/6-consejos-para-elegir-el-mejor-dj-para-tu-boda\/\">Consejos para elegir el mejor DJ para tu boda<\/a><\/h2>\t\t\t\t<\/div>\n\t\t\t\t<\/div>\n\t\t\t\t\t<\/div>\n\t\t<\/div>\n\t\t\t\t\t<\/div>\n\t\t<\/section>\n\t\t\t\t<section class=\"elementor-section elementor-inner-section elementor-element elementor-element-2df573d5 elementor-section-content-middle elementor-reverse-mobile elementor-section-boxed elementor-section-height-default elementor-section-height-default wpr-particle-no wpr-sticky-section-no wpr-equal-height-no\" data-id=\"2df573d5\" data-element_type=\"section\" data-e-type=\"section\">\n\t\t\t\t\t\t<div class=\"elementor-container elementor-column-gap-no\">\n\t\t\t\t\t<div class=\"elementor-column elementor-col-50 elementor-inner-column elementor-element elementor-element-38d7ddae\" data-id=\"38d7ddae\" data-element_type=\"column\" data-e-type=\"column\">\n\t\t\t<div class=\"elementor-widget-wrap elementor-element-populated\">\n\t\t\t\t\t\t<div class=\"elementor-element elementor-element-159444f6 elementor-widget elementor-widget-heading\" data-id=\"159444f6\" data-element_type=\"widget\" data-e-type=\"widget\" data-widget_type=\"heading.default\">\n\t\t\t\t<div class=\"elementor-widget-container\">\n\t\t\t\t\t<h2 class=\"elementor-heading-title elementor-size-default\"><a href=\"https:\/\/www.felixdevega.com\/es\/post\/fotografia-de-bodas\/como-elegir-a-tu-fotografo-de-boda\/\">\u00bfQu\u00e9 tener en cuenta al elegir a nuestro fot\u00f3grafo de bodas?<\/a><\/h2>\t\t\t\t<\/div>\n\t\t\t\t<\/div>\n\t\t\t\t\t<\/div>\n\t\t<\/div>\n\t\t\t\t<div class=\"elementor-column elementor-col-50 elementor-inner-column elementor-element elementor-element-54091139\" data-id=\"54091139\" data-element_type=\"column\" data-e-type=\"column\">\n\t\t\t<div class=\"elementor-widget-wrap elementor-element-populated\">\n\t\t\t\t\t\t<div class=\"elementor-element elementor-element-668c1c5f elementor-widget elementor-widget-image\" data-id=\"668c1c5f\" data-element_type=\"widget\" data-e-type=\"widget\" data-widget_type=\"image.default\">\n\t\t\t\t<div class=\"elementor-widget-container\">\n\t\t\t\t\t\t\t\t\t\t\t\t\t\t\t<img decoding=\"async\" width=\"1290\" height=\"861\" src=\"https:\/\/www.felixdevega.com\/wp-content\/uploads\/2023\/02\/fuji-1290x861.jpg\" class=\"attachment-large size-large wp-image-12972\" alt=\"\" srcset=\"https:\/\/www.felixdevega.com\/wp-content\/uploads\/2023\/02\/fuji-1290x861.jpg 1290w, https:\/\/www.felixdevega.com\/wp-content\/uploads\/2023\/02\/fuji-750x501.jpg 750w, https:\/\/www.felixdevega.com\/wp-content\/uploads\/2023\/02\/fuji-1536x1025.jpg 1536w, https:\/\/www.felixdevega.com\/wp-content\/uploads\/2023\/02\/fuji-1200x800.jpg 1200w, https:\/\/www.felixdevega.com\/wp-content\/uploads\/2023\/02\/fuji.jpg 2048w\" sizes=\"(max-width: 1290px) 100vw, 1290px\" \/>\t\t\t\t\t\t\t\t\t\t\t\t\t\t\t<\/div>\n\t\t\t\t<\/div>\n\t\t\t\t\t<\/div>\n\t\t<\/div>\n\t\t\t\t\t<\/div>\n\t\t<\/section>\n\t\t\t\t\t<\/div>\n\t\t<\/div>\n\t\t\t\t\t<\/div>\n\t\t<\/section>\n\t\t\t\t<section class=\"elementor-section elementor-top-section elementor-element elementor-element-3da9468 elementor-section-content-middle ct-section-stretched elementor-section-full_width elementor-section-height-default elementor-section-height-default wpr-particle-no wpr-sticky-section-no wpr-equal-height-no\" data-id=\"3da9468\" data-element_type=\"section\" data-e-type=\"section\">\n\t\t\t\t\t\t<div class=\"elementor-container elementor-column-gap-no\">\n\t\t\t\t\t<div class=\"elementor-column elementor-col-100 elementor-top-column elementor-element elementor-element-491daefe\" data-id=\"491daefe\" data-element_type=\"column\" data-e-type=\"column\">\n\t\t\t<div class=\"elementor-widget-wrap elementor-element-populated\">\n\t\t\t\t\t\t<section class=\"elementor-section elementor-inner-section elementor-element elementor-element-5d9267ee elementor-section-content-middle elementor-section-boxed elementor-section-height-default elementor-section-height-default wpr-particle-no wpr-sticky-section-no wpr-equal-height-no\" data-id=\"5d9267ee\" data-element_type=\"section\" data-e-type=\"section\">\n\t\t\t\t\t\t<div class=\"elementor-container elementor-column-gap-no\">\n\t\t\t\t\t<div class=\"elementor-column elementor-col-50 elementor-inner-column elementor-element elementor-element-21551ca2\" data-id=\"21551ca2\" data-element_type=\"column\" data-e-type=\"column\">\n\t\t\t<div class=\"elementor-widget-wrap elementor-element-populated\">\n\t\t\t\t\t\t<div class=\"elementor-element elementor-element-546610e0 elementor-widget elementor-widget-image\" data-id=\"546610e0\" data-element_type=\"widget\" data-e-type=\"widget\" data-widget_type=\"image.default\">\n\t\t\t\t<div class=\"elementor-widget-container\">\n\t\t\t\t\t\t\t\t\t\t\t\t\t\t\t<img decoding=\"async\" width=\"1290\" height=\"861\" src=\"https:\/\/www.felixdevega.com\/wp-content\/uploads\/2023\/01\/Paulina_Pedro-597-copia-1290x861.jpg\" class=\"attachment-large size-large wp-image-12128\" alt=\"\" srcset=\"https:\/\/www.felixdevega.com\/wp-content\/uploads\/2023\/01\/Paulina_Pedro-597-copia-1290x861.jpg 1290w, https:\/\/www.felixdevega.com\/wp-content\/uploads\/2023\/01\/Paulina_Pedro-597-copia-750x501.jpg 750w, https:\/\/www.felixdevega.com\/wp-content\/uploads\/2023\/01\/Paulina_Pedro-597-copia-1536x1025.jpg 1536w, https:\/\/www.felixdevega.com\/wp-content\/uploads\/2023\/01\/Paulina_Pedro-597-copia-2048x1367.jpg 2048w, https:\/\/www.felixdevega.com\/wp-content\/uploads\/2023\/01\/Paulina_Pedro-597-copia-1200x800.jpg 1200w\" sizes=\"(max-width: 1290px) 100vw, 1290px\" \/>\t\t\t\t\t\t\t\t\t\t\t\t\t\t\t<\/div>\n\t\t\t\t<\/div>\n\t\t\t\t\t<\/div>\n\t\t<\/div>\n\t\t\t\t<div class=\"elementor-column elementor-col-50 elementor-inner-column elementor-element elementor-element-685aa49e\" data-id=\"685aa49e\" data-element_type=\"column\" data-e-type=\"column\">\n\t\t\t<div class=\"elementor-widget-wrap elementor-element-populated\">\n\t\t\t\t\t\t<div class=\"elementor-element elementor-element-1006b8d8 elementor-widget elementor-widget-heading\" data-id=\"1006b8d8\" data-element_type=\"widget\" data-e-type=\"widget\" data-widget_type=\"heading.default\">\n\t\t\t\t<div class=\"elementor-widget-container\">\n\t\t\t\t\t<h2 class=\"elementor-heading-title elementor-size-default\"><a href=\"https:\/\/www.felixdevega.com\/es\/post\/planificacion-de-bodas\/5-consejos-para-elegir-la-mejor-wedding-planner\/\">\u00bfPor qu\u00e9 es buena idea trabajar con una wedding planner?<\/a><\/h2>\t\t\t\t<\/div>\n\t\t\t\t<\/div>\n\t\t\t\t\t<\/div>\n\t\t<\/div>\n\t\t\t\t\t<\/div>\n\t\t<\/section>\n\t\t\t\t<section class=\"elementor-section elementor-inner-section elementor-element elementor-element-366e97b1 elementor-section-content-middle elementor-reverse-mobile elementor-section-boxed elementor-section-height-default elementor-section-height-default wpr-particle-no wpr-sticky-section-no wpr-equal-height-no\" data-id=\"366e97b1\" data-element_type=\"section\" data-e-type=\"section\">\n\t\t\t\t\t\t<div class=\"elementor-container elementor-column-gap-no\">\n\t\t\t\t\t<div class=\"elementor-column elementor-col-50 elementor-inner-column elementor-element elementor-element-7d42fde3\" data-id=\"7d42fde3\" data-element_type=\"column\" data-e-type=\"column\">\n\t\t\t<div class=\"elementor-widget-wrap elementor-element-populated\">\n\t\t\t\t\t\t<div class=\"elementor-element elementor-element-4cd58934 elementor-widget elementor-widget-heading\" data-id=\"4cd58934\" data-element_type=\"widget\" data-e-type=\"widget\" data-widget_type=\"heading.default\">\n\t\t\t\t<div class=\"elementor-widget-container\">\n\t\t\t\t\t<h2 class=\"elementor-heading-title elementor-size-default\"><a href=\"https:\/\/www.felixdevega.com\/es\/post\/estilos-y-tematicas-de-bodas\/que-estilo-de-boda-elegir\/\">Diferentes estilos de boda y como elegir el mejor para ti<\/a><\/h2>\t\t\t\t<\/div>\n\t\t\t\t<\/div>\n\t\t\t\t\t<\/div>\n\t\t<\/div>\n\t\t\t\t<div class=\"elementor-column elementor-col-50 elementor-inner-column elementor-element elementor-element-672e87bb\" data-id=\"672e87bb\" data-element_type=\"column\" data-e-type=\"column\">\n\t\t\t<div class=\"elementor-widget-wrap elementor-element-populated\">\n\t\t\t\t\t\t<div class=\"elementor-element elementor-element-4888d281 elementor-widget elementor-widget-image\" data-id=\"4888d281\" data-element_type=\"widget\" data-e-type=\"widget\" data-widget_type=\"image.default\">\n\t\t\t\t<div class=\"elementor-widget-container\">\n\t\t\t\t\t\t\t\t\t\t\t\t\t\t\t<img loading=\"lazy\" decoding=\"async\" width=\"1290\" height=\"861\" src=\"https:\/\/www.felixdevega.com\/wp-content\/uploads\/2023\/01\/Ola_Irena-1-1290x861.jpg\" class=\"attachment-large size-large wp-image-12113\" alt=\"\" srcset=\"https:\/\/www.felixdevega.com\/wp-content\/uploads\/2023\/01\/Ola_Irena-1-1290x861.jpg 1290w, https:\/\/www.felixdevega.com\/wp-content\/uploads\/2023\/01\/Ola_Irena-1-750x501.jpg 750w, https:\/\/www.felixdevega.com\/wp-content\/uploads\/2023\/01\/Ola_Irena-1-1536x1025.jpg 1536w, https:\/\/www.felixdevega.com\/wp-content\/uploads\/2023\/01\/Ola_Irena-1-1200x800.jpg 1200w, https:\/\/www.felixdevega.com\/wp-content\/uploads\/2023\/01\/Ola_Irena-1.jpg 2048w\" sizes=\"(max-width: 1290px) 100vw, 1290px\" \/>\t\t\t\t\t\t\t\t\t\t\t\t\t\t\t<\/div>\n\t\t\t\t<\/div>\n\t\t\t\t\t<\/div>\n\t\t<\/div>\n\t\t\t\t\t<\/div>\n\t\t<\/section>\n\t\t\t\t\t<\/div>\n\t\t<\/div>\n\t\t\t\t\t<\/div>\n\t\t<\/section>\n\t\t\t\t<section class=\"elementor-section elementor-top-section elementor-element elementor-element-2dfe4431 elementor-section-content-middle elementor-section-boxed elementor-section-height-default elementor-section-height-default wpr-particle-no wpr-sticky-section-no wpr-equal-height-no\" data-id=\"2dfe4431\" data-element_type=\"section\" data-e-type=\"section\">\n\t\t\t\t\t\t<div class=\"elementor-container elementor-column-gap-no\">\n\t\t\t\t\t<div class=\"elementor-column elementor-col-100 elementor-top-column elementor-element elementor-element-4b3543d5\" data-id=\"4b3543d5\" data-element_type=\"column\" data-e-type=\"column\">\n\t\t\t<div class=\"elementor-widget-wrap elementor-element-populated\">\n\t\t\t\t\t\t<section class=\"elementor-section elementor-inner-section elementor-element elementor-element-6d3e0ca9 elementor-section-content-middle elementor-section-boxed elementor-section-height-default elementor-section-height-default wpr-particle-no wpr-sticky-section-no wpr-equal-height-no\" data-id=\"6d3e0ca9\" data-element_type=\"section\" data-e-type=\"section\">\n\t\t\t\t\t\t<div class=\"elementor-container elementor-column-gap-no\">\n\t\t\t\t\t<div class=\"elementor-column elementor-col-50 elementor-inner-column elementor-element elementor-element-721bec82\" data-id=\"721bec82\" data-element_type=\"column\" data-e-type=\"column\">\n\t\t\t<div class=\"elementor-widget-wrap elementor-element-populated\">\n\t\t\t\t\t\t<div class=\"elementor-element elementor-element-53c74e50 elementor-widget elementor-widget-image\" data-id=\"53c74e50\" data-element_type=\"widget\" data-e-type=\"widget\" data-widget_type=\"image.default\">\n\t\t\t\t<div class=\"elementor-widget-container\">\n\t\t\t\t\t\t\t\t\t\t\t\t\t\t\t<img loading=\"lazy\" decoding=\"async\" width=\"1290\" height=\"894\" src=\"https:\/\/www.felixdevega.com\/wp-content\/uploads\/2023\/02\/Aneta_Kuba-524-1290x894.jpg\" class=\"attachment-large size-large wp-image-12988\" alt=\"Wedding films Poland\" srcset=\"https:\/\/www.felixdevega.com\/wp-content\/uploads\/2023\/02\/Aneta_Kuba-524-1290x894.jpg 1290w, https:\/\/www.felixdevega.com\/wp-content\/uploads\/2023\/02\/Aneta_Kuba-524-750x520.jpg 750w, https:\/\/www.felixdevega.com\/wp-content\/uploads\/2023\/02\/Aneta_Kuba-524-1536x1064.jpg 1536w, https:\/\/www.felixdevega.com\/wp-content\/uploads\/2023\/02\/Aneta_Kuba-524-2048x1419.jpg 2048w\" sizes=\"(max-width: 1290px) 100vw, 1290px\" \/>\t\t\t\t\t\t\t\t\t\t\t\t\t\t\t<\/div>\n\t\t\t\t<\/div>\n\t\t\t\t\t<\/div>\n\t\t<\/div>\n\t\t\t\t<div class=\"elementor-column elementor-col-50 elementor-inner-column elementor-element elementor-element-5d193606\" data-id=\"5d193606\" data-element_type=\"column\" data-e-type=\"column\">\n\t\t\t<div class=\"elementor-widget-wrap elementor-element-populated\">\n\t\t\t\t\t\t<div class=\"elementor-element elementor-element-4adfa0ba elementor-widget elementor-widget-heading\" data-id=\"4adfa0ba\" data-element_type=\"widget\" data-e-type=\"widget\" data-widget_type=\"heading.default\">\n\t\t\t\t<div class=\"elementor-widget-container\">\n\t\t\t\t\t<h2 class=\"elementor-heading-title elementor-size-default\"><a href=\"https:\/\/www.felixdevega.com\/es\/videos-de-boda\/\">Como elegir el mejor videografo para tener un video de boda espectacular<\/a><\/h2>\t\t\t\t<\/div>\n\t\t\t\t<\/div>\n\t\t\t\t\t<\/div>\n\t\t<\/div>\n\t\t\t\t\t<\/div>\n\t\t<\/section>\n\t\t\t\t<section class=\"elementor-section elementor-inner-section elementor-element elementor-element-310273fb elementor-section-content-middle elementor-reverse-mobile elementor-section-boxed elementor-section-height-default elementor-section-height-default wpr-particle-no wpr-sticky-section-no wpr-equal-height-no\" data-id=\"310273fb\" data-element_type=\"section\" data-e-type=\"section\">\n\t\t\t\t\t\t<div class=\"elementor-container elementor-column-gap-no\">\n\t\t\t\t\t<div class=\"elementor-column elementor-col-50 elementor-inner-column elementor-element elementor-element-35865de4\" data-id=\"35865de4\" data-element_type=\"column\" data-e-type=\"column\">\n\t\t\t<div class=\"elementor-widget-wrap elementor-element-populated\">\n\t\t\t\t\t\t<div class=\"elementor-element elementor-element-1d4709c3 elementor-widget elementor-widget-heading\" data-id=\"1d4709c3\" data-element_type=\"widget\" data-e-type=\"widget\" data-widget_type=\"heading.default\">\n\t\t\t\t<div class=\"elementor-widget-container\">\n\t\t\t\t\t<h2 class=\"elementor-heading-title elementor-size-default\"><a href=\"https:\/\/www.felixdevega.com\/es\/reccomended-wedding-vendors-list\/\">Lista de proveedores de servicios de boda recomendados<\/a><\/h2>\t\t\t\t<\/div>\n\t\t\t\t<\/div>\n\t\t\t\t\t<\/div>\n\t\t<\/div>\n\t\t\t\t<div class=\"elementor-column elementor-col-50 elementor-inner-column elementor-element elementor-element-780d28a\" data-id=\"780d28a\" data-element_type=\"column\" data-e-type=\"column\">\n\t\t\t<div class=\"elementor-widget-wrap elementor-element-populated\">\n\t\t\t\t\t\t<div class=\"elementor-element elementor-element-5a476223 elementor-widget elementor-widget-image\" data-id=\"5a476223\" data-element_type=\"widget\" data-e-type=\"widget\" data-widget_type=\"image.default\">\n\t\t\t\t<div class=\"elementor-widget-container\">\n\t\t\t\t\t\t\t\t\t\t\t\t\t\t\t<img loading=\"lazy\" decoding=\"async\" width=\"1290\" height=\"861\" src=\"https:\/\/www.felixdevega.com\/wp-content\/uploads\/2023\/01\/Monika_Maciek-764-1290x861.jpg\" class=\"attachment-large size-large wp-image-12110\" alt=\"\" srcset=\"https:\/\/www.felixdevega.com\/wp-content\/uploads\/2023\/01\/Monika_Maciek-764-1290x861.jpg 1290w, https:\/\/www.felixdevega.com\/wp-content\/uploads\/2023\/01\/Monika_Maciek-764-750x501.jpg 750w, https:\/\/www.felixdevega.com\/wp-content\/uploads\/2023\/01\/Monika_Maciek-764-1536x1025.jpg 1536w, https:\/\/www.felixdevega.com\/wp-content\/uploads\/2023\/01\/Monika_Maciek-764-2048x1367.jpg 2048w, https:\/\/www.felixdevega.com\/wp-content\/uploads\/2023\/01\/Monika_Maciek-764-1200x800.jpg 1200w\" sizes=\"(max-width: 1290px) 100vw, 1290px\" \/>\t\t\t\t\t\t\t\t\t\t\t\t\t\t\t<\/div>\n\t\t\t\t<\/div>\n\t\t\t\t\t<\/div>\n\t\t<\/div>\n\t\t\t\t\t<\/div>\n\t\t<\/section>\n\t\t\t\t\t<\/div>\n\t\t<\/div>\n\t\t\t\t\t<\/div>\n\t\t<\/section>\n\t\t\t\t<section class=\"elementor-section elementor-top-section elementor-element elementor-element-61ba4845 elementor-section-content-middle elementor-section-boxed elementor-section-height-default elementor-section-height-default wpr-particle-no wpr-sticky-section-no wpr-equal-height-no\" data-id=\"61ba4845\" data-element_type=\"section\" data-e-type=\"section\" data-settings=\"{&quot;background_background&quot;:&quot;classic&quot;}\">\n\t\t\t\t\t\t<div class=\"elementor-container elementor-column-gap-no\">\n\t\t\t\t\t<div class=\"elementor-column elementor-col-50 elementor-top-column elementor-element elementor-element-683345cb\" data-id=\"683345cb\" data-element_type=\"column\" data-e-type=\"column\">\n\t\t\t<div class=\"elementor-widget-wrap elementor-element-populated\">\n\t\t\t\t\t\t<div class=\"elementor-element elementor-element-1fa5605a elementor-widget elementor-widget-heading\" data-id=\"1fa5605a\" data-element_type=\"widget\" data-e-type=\"widget\" data-widget_type=\"heading.default\">\n\t\t\t\t<div class=\"elementor-widget-container\">\n\t\t\t\t\t<p class=\"elementor-heading-title elementor-size-default\">Reserva tu fot\u00f3grafo de boda<\/p>\t\t\t\t<\/div>\n\t\t\t\t<\/div>\n\t\t\t\t<div class=\"elementor-element elementor-element-13635931 elementor-widget elementor-widget-text-editor\" data-id=\"13635931\" data-element_type=\"widget\" data-e-type=\"widget\" data-widget_type=\"text-editor.default\">\n\t\t\t\t<div class=\"elementor-widget-container\">\n\t\t\t\t\t\t\t\t\t<p><b>Enviame un email, me encantar\u00e1 saber sobre tus planes de boda<\/b><\/p>\t\t\t\t\t\t\t\t<\/div>\n\t\t\t\t<\/div>\n\t\t\t\t<div class=\"elementor-element elementor-element-382c189e elementor-widget elementor-widget-text-editor\" data-id=\"382c189e\" data-element_type=\"widget\" data-e-type=\"widget\" data-widget_type=\"text-editor.default\">\n\t\t\t\t<div class=\"elementor-widget-container\">\n\t\t\t\t\t\t\t\t\t<p><span style=\"font-family: Verdana, sans-serif; color: #999999;\">F\u00e9lix de Vega<\/span><\/p>\n<p><a href=\"mailto:info@felixdevega.com\"><span style=\"color: #999999;\">info@felixdevega.com<\/span><\/a><\/p>\n<p><span style=\"color: #999999;\">tel. <a href=\"tel:+34694291493\">+34 694 291 493<\/a><\/span><\/p>\n<p><span style=\"color: #999999;\">tel. <a href=\"tel:+48511579346\">+48 511 579 346<\/a><\/span><\/p>\n<p><span style=\"color: #999999;\">Warsaw |\u00a0 Barcelona<\/span><\/p>\t\t\t\t\t\t\t\t<\/div>\n\t\t\t\t<\/div>\n\t\t\t\t\t<\/div>\n\t\t<\/div>\n\t\t\t\t<div class=\"elementor-column elementor-col-50 elementor-top-column elementor-element elementor-element-49358205\" data-id=\"49358205\" data-element_type=\"column\" data-e-type=\"column\">\n\t\t\t<div class=\"elementor-widget-wrap elementor-element-populated\">\n\t\t\t\t\t\t<div class=\"elementor-element elementor-element-40891f0a elementor-align-right elementor-mobile-align-left elementor-widget elementor-widget-button\" data-id=\"40891f0a\" data-element_type=\"widget\" data-e-type=\"widget\" data-widget_type=\"button.default\">\n\t\t\t\t<div class=\"elementor-widget-container\">\n\t\t\t\t\t\t\t\t\t<div class=\"elementor-button-wrapper\">\n\t\t\t\t\t<a class=\"elementor-button elementor-button-link elementor-size-sm elementor-animation-grow\" href=\"https:\/\/www.felixdevega.com\/es\/contacto\/\">\n\t\t\t\t\t\t<span class=\"elementor-button-content-wrapper\">\n\t\t\t\t\t\t\t\t\t<span class=\"elementor-button-text\">CONTACTO<\/span>\n\t\t\t\t\t<\/span>\n\t\t\t\t\t<\/a>\n\t\t\t\t<\/div>\n\t\t\t\t\t\t\t\t<\/div>\n\t\t\t\t<\/div>\n\t\t\t\t\t<\/div>\n\t\t<\/div>\n\t\t\t\t\t<\/div>\n\t\t<\/section>\n\t\t\t\t<\/div>\n\t\t","protected":false},"excerpt":{"rendered":"<p>Informaci\u00f3n y consejos Consejos para elegir el mejor DJ para tu boda \u00bfQu\u00e9 tener en cuenta al elegir a nuestro fot\u00f3grafo de bodas? \u00bfPor qu\u00e9 es buena idea trabajar con una wedding planner? Diferentes estilos de boda y como elegir el mejor para ti Como elegir el mejor videografo para tener un video de boda espectacular Lista de proveedores de servicios de boda recomendados Reserva tu fot\u00f3grafo de boda Enviame un email, me encantar\u00e1 saber sobre tus planes de boda F\u00e9lix de Vega info@felixdevega.com tel. +34 694 291 493 tel. +48 511 579 346 Warsaw |\u00a0 Barcelona CONTACTO<\/p>\n","protected":false},"author":1,"featured_media":9814,"parent":0,"menu_order":0,"comment_status":"closed","ping_status":"closed","template":"","meta":{"footnotes":""},"tags":[754],"class_list":["post-13009","page","type-page","status-publish","has-post-thumbnail","hentry","tag-no-boda"],"blocksy_meta":{"styles_descriptor":{"styles":{"desktop":"","tablet":"","mobile":""},"google_fonts":[],"version":6}},"_links":{"self":[{"href":"https:\/\/www.felixdevega.com\/es\/wp-json\/wp\/v2\/pages\/13009","targetHints":{"allow":["GET"]}}],"collection":[{"href":"https:\/\/www.felixdevega.com\/es\/wp-json\/wp\/v2\/pages"}],"about":[{"href":"https:\/\/www.felixdevega.com\/es\/wp-json\/wp\/v2\/types\/page"}],"author":[{"embeddable":true,"href":"https:\/\/www.felixdevega.com\/es\/wp-json\/wp\/v2\/users\/1"}],"replies":[{"embeddable":true,"href":"https:\/\/www.felixdevega.com\/es\/wp-json\/wp\/v2\/comments?post=13009"}],"version-history":[{"count":83,"href":"https:\/\/www.felixdevega.com\/es\/wp-json\/wp\/v2\/pages\/13009\/revisions"}],"predecessor-version":[{"id":28499,"href":"https:\/\/www.felixdevega.com\/es\/wp-json\/wp\/v2\/pages\/13009\/revisions\/28499"}],"wp:featuredmedia":[{"embeddable":true,"href":"https:\/\/www.felixdevega.com\/es\/wp-json\/wp\/v2\/media\/9814"}],"wp:attachment":[{"href":"https:\/\/www.felixdevega.com\/es\/wp-json\/wp\/v2\/media?parent=13009"}],"wp:term":[{"taxonomy":"post_tag","embeddable":true,"href":"https:\/\/www.felixdevega.com\/es\/wp-json\/wp\/v2\/tags?post=13009"}],"curies":[{"name":"wp","href":"https:\/\/api.w.org\/{rel}","templated":true}]}}